{"id":7,"date":"2018-06-18T09:36:45","date_gmt":"2018-06-18T07:36:45","guid":{"rendered":"https:\/\/www.philippecharles.fr\/SWITCH\/?page_id=7"},"modified":"2021-08-12T11:57:27","modified_gmt":"2021-08-12T09:57:27","slug":"accueil","status":"publish","type":"page","link":"https:\/\/www.philippecharles.fr\/","title":{"rendered":"accueil"},"content":{"rendered":"\n<p><strong>Depuis mi-f\u00e9vrier et jusqu\u2019au mois d\u2019octobre se d\u00e9ploie ma r\u00e9sidence de cr\u00e9ation au centre d\u2019art la cuisine dans le ch\u00e2teau de N\u00e8grepelisse, Tarn et Garonne. Tout au long de cette p\u00e9riode des instantan\u00e9s pour d\u00e9couvrir l\u2019avanc\u00e9e du travail<\/strong> &#8230;<\/p>\n\n\n<ul class=\"wp-block-latest-posts__list is-grid columns-3 wp-block-latest-posts\"><li><div class=\"wp-block-latest-posts__featured-image\"><img loading=\"lazy\" decoding=\"async\" width=\"900\" height=\"600\" src=\"https:\/\/www.philippecharles.fr\/wp-content\/uploads\/2021\/10\/vuege\u0301ne\u0301rale4-900x600.jpg\" class=\"attachment-thumbnail size-thumbnail wp-post-image\" alt=\"\" style=\"\" srcset=\"https:\/\/www.philippecharles.fr\/wp-content\/uploads\/2021\/10\/vuege\u0301ne\u0301rale4-900x600.jpg 900w, https:\/\/www.philippecharles.fr\/wp-content\/uploads\/2021\/10\/vuege\u0301ne\u0301rale4-1200x800.jpg 1200w, https:\/\/www.philippecharles.fr\/wp-content\/uploads\/2021\/10\/vuege\u0301ne\u0301rale4-1900x1266.jpg 1900w, https:\/\/www.philippecharles.fr\/wp-content\/uploads\/2021\/10\/vuege\u0301ne\u0301rale4-768x512.jpg 768w, https:\/\/www.philippecharles.fr\/wp-content\/uploads\/2021\/10\/vuege\u0301ne\u0301rale4-1536x1024.jpg 1536w, https:\/\/www.philippecharles.fr\/wp-content\/uploads\/2021\/10\/vuege\u0301ne\u0301rale4.jpg 2000w\" sizes=\"100vw\" \/><\/div><a class=\"wp-block-latest-posts__post-title\" href=\"https:\/\/www.philippecharles.fr\/index.php\/2021\/10\/02\/ethersection-vues-de-lexposition\/\">ETHERSECTION   vues de l&rsquo;exposition<\/a><div class=\"wp-block-latest-posts__post-excerpt\">Exposition du 14 ao\u00fbt jusqu&rsquo;au 17 octobre 2021.<\/div><\/li>\n<li><div class=\"wp-block-latest-posts__featured-image\"><img loading=\"lazy\" decoding=\"async\" width=\"900\" height=\"675\" src=\"https:\/\/www.philippecharles.fr\/wp-content\/uploads\/2021\/10\/IMG_5569-900x675.jpg\" class=\"attachment-thumbnail size-thumbnail wp-post-image\" alt=\"\" style=\"\" srcset=\"https:\/\/www.philippecharles.fr\/wp-content\/uploads\/2021\/10\/IMG_5569-900x675.jpg 900w, https:\/\/www.philippecharles.fr\/wp-content\/uploads\/2021\/10\/IMG_5569-1200x900.jpg 1200w, https:\/\/www.philippecharles.fr\/wp-content\/uploads\/2021\/10\/IMG_5569-1900x1425.jpg 1900w, https:\/\/www.philippecharles.fr\/wp-content\/uploads\/2021\/10\/IMG_5569-768x576.jpg 768w, https:\/\/www.philippecharles.fr\/wp-content\/uploads\/2021\/10\/IMG_5569-1536x1152.jpg 1536w, https:\/\/www.philippecharles.fr\/wp-content\/uploads\/2021\/10\/IMG_5569-2048x1536.jpg 2048w, https:\/\/www.philippecharles.fr\/wp-content\/uploads\/2021\/10\/IMG_5569-300x225.jpg 300w, https:\/\/www.philippecharles.fr\/wp-content\/uploads\/2021\/10\/IMG_5569-1024x768.jpg 1024w\" sizes=\"100vw\" \/><\/div><a class=\"wp-block-latest-posts__post-title\" href=\"https:\/\/www.philippecharles.fr\/index.php\/2021\/08\/17\/ethersection-vernissage\/\">ETHERSECTION   vernissage<\/a><div class=\"wp-block-latest-posts__post-excerpt\">Vernissage le 14 ao\u00fbt 2021 34\u00b0 (ressenti 44\u00b0) toute la journ\u00e9e&#8230;<\/div><\/li>\n<li><div class=\"wp-block-latest-posts__featured-image\"><img loading=\"lazy\" decoding=\"async\" width=\"900\" height=\"600\" src=\"https:\/\/www.philippecharles.fr\/wp-content\/uploads\/2021\/10\/IMG_8308-900x600.jpg\" class=\"attachment-thumbnail size-thumbnail wp-post-image\" alt=\"\" style=\"\" srcset=\"https:\/\/www.philippecharles.fr\/wp-content\/uploads\/2021\/10\/IMG_8308-900x600.jpg 900w, https:\/\/www.philippecharles.fr\/wp-content\/uploads\/2021\/10\/IMG_8308-1200x800.jpg 1200w, https:\/\/www.philippecharles.fr\/wp-content\/uploads\/2021\/10\/IMG_8308-1900x1267.jpg 1900w, https:\/\/www.philippecharles.fr\/wp-content\/uploads\/2021\/10\/IMG_8308-768x512.jpg 768w, https:\/\/www.philippecharles.fr\/wp-content\/uploads\/2021\/10\/IMG_8308-1536x1024.jpg 1536w, https:\/\/www.philippecharles.fr\/wp-content\/uploads\/2021\/10\/IMG_8308-2048x1365.jpg 2048w\" sizes=\"100vw\" \/><\/div><a class=\"wp-block-latest-posts__post-title\" href=\"https:\/\/www.philippecharles.fr\/index.php\/2021\/08\/13\/ethersection-_montage\/\">ETHERSECTION   montage<\/a><div class=\"wp-block-latest-posts__post-excerpt\">Semaine 32 montage de l&rsquo;expo avec Laetitia BOURGET et toute l&rsquo;\u00e9quipe de La Cuisine.<\/div><\/li>\n<li><div class=\"wp-block-latest-posts__featured-image\"><img loading=\"lazy\" decoding=\"async\" width=\"675\" height=\"900\" src=\"https:\/\/www.philippecharles.fr\/wp-content\/uploads\/2021\/08\/IMG_5288-675x900.jpg\" class=\"attachment-thumbnail size-thumbnail wp-post-image\" alt=\"\" style=\"\" srcset=\"https:\/\/www.philippecharles.fr\/wp-content\/uploads\/2021\/08\/IMG_5288-675x900.jpg 675w, https:\/\/www.philippecharles.fr\/wp-content\/uploads\/2021\/08\/IMG_5288-900x1200.jpg 900w, https:\/\/www.philippecharles.fr\/wp-content\/uploads\/2021\/08\/IMG_5288-1425x1900.jpg 1425w, https:\/\/www.philippecharles.fr\/wp-content\/uploads\/2021\/08\/IMG_5288-768x1024.jpg 768w, https:\/\/www.philippecharles.fr\/wp-content\/uploads\/2021\/08\/IMG_5288-1152x1536.jpg 1152w, https:\/\/www.philippecharles.fr\/wp-content\/uploads\/2021\/08\/IMG_5288-rotated.jpg 1512w\" sizes=\"100vw\" \/><\/div><a class=\"wp-block-latest-posts__post-title\" href=\"https:\/\/www.philippecharles.fr\/index.php\/2021\/08\/12\/1491\/\">Four p\u00e9dagogique<\/a><div class=\"wp-block-latest-posts__post-excerpt\">Dans le cadre de la r\u00e9sidence \u00e0 La cuisine centre d&rsquo;art et de design, des images du projet de construction de four \u00e0 pain p\u00e9dagogique et transportable en brique de terre crue. Si le caract\u00e8re p\u00e9dagogique est ind\u00e9niable et excitant, le caract\u00e8re transportable est quant \u00e0 lui beaucoup plus douloureux et discutable \u2026Les adobes ont &hellip; <p class=\"link-more\"><a href=\"https:\/\/www.philippecharles.fr\/index.php\/2021\/08\/12\/1491\/\" class=\"more-link\">Continuer la lecture<span class=\"screen-reader-text\"> de &laquo;&nbsp;Four p\u00e9dagogique&nbsp;&raquo;<\/span><\/a><\/p><\/div><\/li>\n<li><div class=\"wp-block-latest-posts__featured-image\"><img loading=\"lazy\" decoding=\"async\" width=\"900\" height=\"675\" src=\"https:\/\/www.philippecharles.fr\/wp-content\/uploads\/2021\/08\/DD1686F9-D92D-4E46-9A26-FD4924CA33EB-900x675.jpeg\" class=\"attachment-thumbnail size-thumbnail wp-post-image\" alt=\"\" style=\"\" srcset=\"https:\/\/www.philippecharles.fr\/wp-content\/uploads\/2021\/08\/DD1686F9-D92D-4E46-9A26-FD4924CA33EB-900x675.jpeg 900w, https:\/\/www.philippecharles.fr\/wp-content\/uploads\/2021\/08\/DD1686F9-D92D-4E46-9A26-FD4924CA33EB-768x576.jpeg 768w, https:\/\/www.philippecharles.fr\/wp-content\/uploads\/2021\/08\/DD1686F9-D92D-4E46-9A26-FD4924CA33EB.jpeg 960w\" sizes=\"100vw\" \/><\/div><a class=\"wp-block-latest-posts__post-title\" href=\"https:\/\/www.philippecharles.fr\/index.php\/2021\/08\/12\/installation-vibratoire\/\">Installation vibratoire<\/a><div class=\"wp-block-latest-posts__post-excerpt\">Au pied du centre d\u2019art La cuisine, l\u2019installation vibratoire \u00e0 base de bl\u00e9s anciens, prend lentement forme ! Ce n\u2019est pas gr\u00e2ce aux pigeons et choucas des tours qui ont boulot\u00e9 quasiment tout le premier semis et une grande partie du second malgr\u00e9 les protections de plus en plus \u00e9labor\u00e9es\u2026. Apr\u00e8s je comprends qu\u2019ils aient &hellip; <p class=\"link-more\"><a href=\"https:\/\/www.philippecharles.fr\/index.php\/2021\/08\/12\/installation-vibratoire\/\" class=\"more-link\">Continuer la lecture<span class=\"screen-reader-text\"> de &laquo;&nbsp;Installation vibratoire&nbsp;&raquo;<\/span><\/a><\/p><\/div><\/li>\n<li><div class=\"wp-block-latest-posts__featured-image\"><img loading=\"lazy\" decoding=\"async\" width=\"900\" height=\"900\" src=\"https:\/\/www.philippecharles.fr\/wp-content\/uploads\/2021\/08\/07A55A08-2FB0-4ADC-8379-9643CC1CD031-900x900.jpeg\" class=\"attachment-thumbnail size-thumbnail wp-post-image\" alt=\"\" style=\"\" srcset=\"https:\/\/www.philippecharles.fr\/wp-content\/uploads\/2021\/08\/07A55A08-2FB0-4ADC-8379-9643CC1CD031-900x900.jpeg 900w, https:\/\/www.philippecharles.fr\/wp-content\/uploads\/2021\/08\/07A55A08-2FB0-4ADC-8379-9643CC1CD031-768x767.jpeg 768w, https:\/\/www.philippecharles.fr\/wp-content\/uploads\/2021\/08\/07A55A08-2FB0-4ADC-8379-9643CC1CD031-100x100.jpeg 100w, https:\/\/www.philippecharles.fr\/wp-content\/uploads\/2021\/08\/07A55A08-2FB0-4ADC-8379-9643CC1CD031.jpeg 961w\" sizes=\"100vw\" \/><\/div><a class=\"wp-block-latest-posts__post-title\" href=\"https:\/\/www.philippecharles.fr\/index.php\/2021\/08\/12\/implantation-de-culture-agissante-1\/\">Implantation de \u00ab\u00a0culture agissante #1\u00a0\u00bb<\/a><div class=\"wp-block-latest-posts__post-excerpt\">Culture agissante #1, installation vibratoire de bl\u00e9s anciens implant\u00e9s en aires circulaires au pied du centre d\u2019art La Cuisine \u00e0 N\u00e8grepelisse (Tarn-et-Garonne). C\u2019est pli\u00e9-sem\u00e9 avec l\u2019aide de Jimmy et de Vito.<\/div><\/li>\n<li><div class=\"wp-block-latest-posts__featured-image\"><img loading=\"lazy\" decoding=\"async\" width=\"900\" height=\"900\" src=\"https:\/\/www.philippecharles.fr\/wp-content\/uploads\/2018\/06\/IMG_1681-900x900.jpg\" class=\"attachment-thumbnail size-thumbnail wp-post-image\" alt=\"\" style=\"\" srcset=\"https:\/\/www.philippecharles.fr\/wp-content\/uploads\/2018\/06\/IMG_1681-900x900.jpg 900w, https:\/\/www.philippecharles.fr\/wp-content\/uploads\/2018\/06\/IMG_1681-1200x1200.jpg 1200w, https:\/\/www.philippecharles.fr\/wp-content\/uploads\/2018\/06\/IMG_1681-1900x1900.jpg 1900w, https:\/\/www.philippecharles.fr\/wp-content\/uploads\/2018\/06\/IMG_1681-768x768.jpg 768w, https:\/\/www.philippecharles.fr\/wp-content\/uploads\/2018\/06\/IMG_1681-1536x1536.jpg 1536w, https:\/\/www.philippecharles.fr\/wp-content\/uploads\/2018\/06\/IMG_1681-2048x2048.jpg 2048w, https:\/\/www.philippecharles.fr\/wp-content\/uploads\/2018\/06\/IMG_1681-100x100.jpg 100w\" sizes=\"100vw\" \/><\/div><a class=\"wp-block-latest-posts__post-title\" href=\"https:\/\/www.philippecharles.fr\/index.php\/2019\/03\/20\/exposition-a-labbaye-de-noirlac\/\">Exposition \u00e0 l&rsquo;Abbaye de Noirlac<\/a><div class=\"wp-block-latest-posts__post-excerpt\">\u00c0 propos des installations plastiques et musicales : Par del\u00e0 de Philippe CHARLES et les vagues de la lune de Jean-Christophe FELDHANDLER Contexte et collaborations : Au sein de l\u2019Abbaye de Noirlac, dans le Cher, magnifique monument reflet de l\u2019asc\u00e9tisme monacal, Athenor, sc\u00e8ne nomade de cr\u00e9ation et de diffusion, met en place un \u00e9v\u00e9nement intitul\u00e9 &hellip; <p class=\"link-more\"><a href=\"https:\/\/www.philippecharles.fr\/index.php\/2019\/03\/20\/exposition-a-labbaye-de-noirlac\/\" class=\"more-link\">Continuer la lecture<span class=\"screen-reader-text\"> de &laquo;&nbsp;Exposition \u00e0 l&rsquo;Abbaye de Noirlac&nbsp;&raquo;<\/span><\/a><\/p><\/div><\/li>\n<\/ul>\n\n\n<div class=\"wp-block-image\"><figure class=\"aligncenter size-large\"><img decoding=\"async\" src=\"https:\/\/www.philippecharles.fr\/wp-content\/uploads\/2020\/03\/F2B82785-7429-4A30-87A4-F9CF6B9826E9-576x1024.png\" alt=\"\" class=\"wp-image-1419\"\/><figcaption><em>Jeudi 5 mars<\/em><br><em>Aujourdhui, pas grand chose de possible en ext\u00e9rieur&#8230;<\/em><\/figcaption><\/figure><\/div>\n\n\n\n<figure class=\"wp-block-gallery aligncenter columns-2 is-cropped wp-block-gallery-1 is-layout-flex wp-block-gallery-is-layout-flex\"><ul class=\"blocks-gallery-grid\"><li class=\"blocks-gallery-item\"><figure><img decoding=\"async\" src=\"https:\/\/www.philippecharles.fr\/wp-content\/uploads\/2020\/03\/540D9E98-EFC1-4AAE-A7D0-24BE090E41E6-1024x1024.jpeg\" alt=\"\" data-id=\"1408\" data-full-url=\"https:\/\/www.philippecharles.fr\/wp-content\/uploads\/2020\/03\/540D9E98-EFC1-4AAE-A7D0-24BE090E41E6-scaled.jpeg\" data-link=\"https:\/\/www.philippecharles.fr\/index.php\/accueil\/540d9e98-efc1-4aae-a7d0-24be090e41e6\/\" class=\"wp-image-1408\"\/><\/figure><\/li><li class=\"blocks-gallery-item\"><figure><img loading=\"lazy\" decoding=\"async\" width=\"920\" height=\"935\" src=\"https:\/\/www.philippecharles.fr\/wp-content\/uploads\/2020\/03\/907C8442-00F9-42F7-9BDB-7945CED84BF2.jpeg\" alt=\"\" data-id=\"1407\" data-full-url=\"https:\/\/www.philippecharles.fr\/wp-content\/uploads\/2020\/03\/907C8442-00F9-42F7-9BDB-7945CED84BF2.jpeg\" data-link=\"https:\/\/www.philippecharles.fr\/index.php\/accueil\/907c8442-00f9-42f7-9bdb-7945ced84bf2\/\" class=\"wp-image-1407\" srcset=\"https:\/\/www.philippecharles.fr\/wp-content\/uploads\/2020\/03\/907C8442-00F9-42F7-9BDB-7945CED84BF2.jpeg 920w, https:\/\/www.philippecharles.fr\/wp-content\/uploads\/2020\/03\/907C8442-00F9-42F7-9BDB-7945CED84BF2-886x900.jpeg 886w, https:\/\/www.philippecharles.fr\/wp-content\/uploads\/2020\/03\/907C8442-00F9-42F7-9BDB-7945CED84BF2-768x781.jpeg 768w\" sizes=\"(max-width: 767px) 89vw, (max-width: 1000px) 54vw, (max-width: 1071px) 543px, 580px\" \/><\/figure><\/li><\/ul><figcaption class=\"blocks-gallery-caption\">Phase de recherche en collaboration avec La\u00ebtitia Bourget sur la r\u00e9alisation d\u2019une fresque sur le sol de la galerie de la cuisine. Les pigments sont \u00e0 base d\u2019argiles pr\u00e9lever sur les bords de l\u2019Aveyron.<\/figcaption><\/figure>\n\n\n\n<figure class=\"wp-block-gallery columns-2 is-cropped wp-block-gallery-2 is-layout-flex wp-block-gallery-is-layout-flex\"><ul class=\"blocks-gallery-grid\"><li class=\"blocks-gallery-item\"><figure><img loading=\"lazy\" decoding=\"async\" width=\"640\" height=\"480\" src=\"https:\/\/www.philippecharles.fr\/wp-content\/uploads\/2020\/03\/D732C01B-2891-4439-A206-BDB98369C29D.jpeg\" alt=\"\" data-id=\"1380\" data-full-url=\"https:\/\/www.philippecharles.fr\/wp-content\/uploads\/2020\/03\/D732C01B-2891-4439-A206-BDB98369C29D.jpeg\" data-link=\"https:\/\/www.philippecharles.fr\/index.php\/accueil\/d732c01b-2891-4439-a206-bdb98369c29d\/\" class=\"wp-image-1380\"\/><\/figure><\/li><li class=\"blocks-gallery-item\"><figure><img loading=\"lazy\" decoding=\"async\" width=\"640\" height=\"480\" src=\"https:\/\/www.philippecharles.fr\/wp-content\/uploads\/2020\/03\/17FE9AC1-B8BE-4CDA-9F6B-65F2AEEA2664.jpeg\" alt=\"\" data-id=\"1381\" data-full-url=\"https:\/\/www.philippecharles.fr\/wp-content\/uploads\/2020\/03\/17FE9AC1-B8BE-4CDA-9F6B-65F2AEEA2664.jpeg\" data-link=\"https:\/\/www.philippecharles.fr\/index.php\/accueil\/17fe9ac1-b8be-4cda-9f6b-65f2aeea2664\/\" class=\"wp-image-1381\"\/><\/figure><\/li><li class=\"blocks-gallery-item\"><figure><img loading=\"lazy\" decoding=\"async\" width=\"640\" height=\"480\" src=\"https:\/\/www.philippecharles.fr\/wp-content\/uploads\/2020\/03\/758DEBF2-BCE4-4965-8248-94671C223CA6.jpeg\" alt=\"\" data-id=\"1379\" data-full-url=\"https:\/\/www.philippecharles.fr\/wp-content\/uploads\/2020\/03\/758DEBF2-BCE4-4965-8248-94671C223CA6.jpeg\" data-link=\"https:\/\/www.philippecharles.fr\/index.php\/accueil\/758debf2-bce4-4965-8248-94671c223ca6\/\" class=\"wp-image-1379\"\/><\/figure><\/li><\/ul><\/figure>\n\n\n\n<p><\/p>\n","protected":false},"excerpt":{"rendered":"<p>Depuis mi-f\u00e9vrier et jusqu\u2019au mois d\u2019octobre se d\u00e9ploie ma r\u00e9sidence de cr\u00e9ation au centre d\u2019art la cuisine dans le ch\u00e2teau de N\u00e8grepelisse, Tarn et Garonne. Tout au long de cette p\u00e9riode des instantan\u00e9s pour d\u00e9couvrir l\u2019avanc\u00e9e du travail &#8230;<\/p>\n","protected":false},"author":1,"featured_media":0,"parent":0,"menu_order":0,"comment_status":"closed","ping_status":"closed","template":"","meta":{"footnotes":""},"_links":{"self":[{"href":"https:\/\/www.philippecharles.fr\/index.php\/wp-json\/wp\/v2\/pages\/7"}],"collection":[{"href":"https:\/\/www.philippecharles.fr\/index.php\/wp-json\/wp\/v2\/pages"}],"about":[{"href":"https:\/\/www.philippecharles.fr\/index.php\/wp-json\/wp\/v2\/types\/page"}],"author":[{"embeddable":true,"href":"https:\/\/www.philippecharles.fr\/index.php\/wp-json\/wp\/v2\/users\/1"}],"replies":[{"embeddable":true,"href":"https:\/\/www.philippecharles.fr\/index.php\/wp-json\/wp\/v2\/comments?post=7"}],"version-history":[{"count":6,"href":"https:\/\/www.philippecharles.fr\/index.php\/wp-json\/wp\/v2\/pages\/7\/revisions"}],"predecessor-version":[{"id":1484,"href":"https:\/\/www.philippecharles.fr\/index.php\/wp-json\/wp\/v2\/pages\/7\/revisions\/1484"}],"wp:attachment":[{"href":"https:\/\/www.philippecharles.fr\/index.php\/wp-json\/wp\/v2\/media?parent=7"}],"curies":[{"name":"wp","href":"https:\/\/api.w.org\/{rel}","templated":true}]}}