{"id":565,"date":"2018-09-27T09:11:33","date_gmt":"2018-09-27T07:11:33","guid":{"rendered":"https:\/\/www.philippecharles.fr\/SWITCH\/?page_id=565"},"modified":"2020-02-29T16:48:46","modified_gmt":"2020-02-29T15:48:46","slug":"substrat","status":"publish","type":"page","link":"https:\/\/www.philippecharles.fr\/index.php\/substrat\/","title":{"rendered":"substrat \/ substrate"},"content":{"rendered":"\n<p><em>Collaboration avec Laetitia BOURGET<\/em><br><em><br>Tapis (crin animal, cheveu humain \/ mixed animal and human hairs), 320\u00d7200 cm<br><\/em><\/p>\n\n\n\n<p>Le tapis est le fruit d\u2019une s\u00e9dimentation de poils animaux et de cheveux humains entrem\u00eal\u00e9s qui constituent une forme d\u2019humus. \u00c0 la fois expression du temps, de la succession et de la coexistence des esp\u00e8ces sur un territoire, le tapis est comme le pr\u00e9l\u00e8vement d\u2019une couche terrestre qui traduit une pr\u00e9sence animale intensive.<\/p>\n\n\n\n<p><em>The carpet is the result of a sedimentation of humus-like, mixed animal and human hairs. Both expression of time, of succession and coexistence of different species on a given territory, the carpet occurs like a sample of stratum expressing an intensive animal presence.<\/em><\/p>\n\n\n\n<figure class=\"wp-block-gallery columns-3 is-cropped wp-block-gallery-1 is-layout-flex wp-block-gallery-is-layout-flex\"><ul class=\"blocks-gallery-grid\"><li class=\"blocks-gallery-item\"><figure><img loading=\"lazy\" decoding=\"async\" width=\"369\" height=\"277\" src=\"https:\/\/www.philippecharles.fr\/wp-content\/uploads\/2018\/09\/substrat_21.jpg\" alt=\"\" data-id=\"581\" data-full-url=\"https:\/\/www.philippecharles.fr\/wp-content\/uploads\/2018\/09\/substrat_21.jpg\" data-link=\"https:\/\/www.philippecharles.fr\/substrat_21\/\" class=\"wp-image-581\"\/><\/figure><\/li><li class=\"blocks-gallery-item\"><figure><img loading=\"lazy\" decoding=\"async\" width=\"369\" height=\"277\" src=\"https:\/\/www.philippecharles.fr\/wp-content\/uploads\/2018\/09\/substrat_20.jpg\" alt=\"\" data-id=\"580\" data-full-url=\"https:\/\/www.philippecharles.fr\/wp-content\/uploads\/2018\/09\/substrat_20.jpg\" data-link=\"https:\/\/www.philippecharles.fr\/substrat_20\/\" class=\"wp-image-580\"\/><\/figure><\/li><li class=\"blocks-gallery-item\"><figure><img loading=\"lazy\" decoding=\"async\" width=\"369\" height=\"277\" src=\"https:\/\/www.philippecharles.fr\/wp-content\/uploads\/2018\/09\/tapis_complet.jpg\" alt=\"\" data-id=\"584\" data-full-url=\"https:\/\/www.philippecharles.fr\/wp-content\/uploads\/2018\/09\/tapis_complet.jpg\" data-link=\"https:\/\/www.philippecharles.fr\/tapis_complet\/\" class=\"wp-image-584\"\/><\/figure><\/li><li class=\"blocks-gallery-item\"><figure><img loading=\"lazy\" decoding=\"async\" width=\"369\" height=\"277\" src=\"https:\/\/www.philippecharles.fr\/wp-content\/uploads\/2018\/09\/substrat_23.jpg\" alt=\"\" data-id=\"583\" data-full-url=\"https:\/\/www.philippecharles.fr\/wp-content\/uploads\/2018\/09\/substrat_23.jpg\" data-link=\"https:\/\/www.philippecharles.fr\/substrat_23\/\" class=\"wp-image-583\"\/><\/figure><\/li><li class=\"blocks-gallery-item\"><figure><img loading=\"lazy\" decoding=\"async\" width=\"369\" height=\"277\" src=\"https:\/\/www.philippecharles.fr\/wp-content\/uploads\/2018\/09\/substrat_22.jpg\" alt=\"\" data-id=\"582\" data-full-url=\"https:\/\/www.philippecharles.fr\/wp-content\/uploads\/2018\/09\/substrat_22.jpg\" data-link=\"https:\/\/www.philippecharles.fr\/substrat_22\/\" class=\"wp-image-582\"\/><\/figure><\/li><li class=\"blocks-gallery-item\"><figure><img loading=\"lazy\" decoding=\"async\" width=\"369\" height=\"277\" src=\"https:\/\/www.philippecharles.fr\/wp-content\/uploads\/2018\/09\/DSC00937.jpg\" alt=\"\" data-id=\"579\" data-full-url=\"https:\/\/www.philippecharles.fr\/wp-content\/uploads\/2018\/09\/DSC00937.jpg\" data-link=\"https:\/\/www.philippecharles.fr\/dsc00937\/\" class=\"wp-image-579\"\/><\/figure><\/li><li class=\"blocks-gallery-item\"><figure><img loading=\"lazy\" decoding=\"async\" width=\"369\" height=\"277\" src=\"https:\/\/www.philippecharles.fr\/wp-content\/uploads\/2018\/09\/detail_4.jpg\" alt=\"\" data-id=\"578\" data-full-url=\"https:\/\/www.philippecharles.fr\/wp-content\/uploads\/2018\/09\/detail_4.jpg\" data-link=\"https:\/\/www.philippecharles.fr\/detail_4\/\" class=\"wp-image-578\"\/><\/figure><\/li><li class=\"blocks-gallery-item\"><figure><img loading=\"lazy\" decoding=\"async\" width=\"369\" height=\"277\" src=\"https:\/\/www.philippecharles.fr\/wp-content\/uploads\/2018\/09\/detail_3.jpg\" alt=\"\" data-id=\"577\" data-full-url=\"https:\/\/www.philippecharles.fr\/wp-content\/uploads\/2018\/09\/detail_3.jpg\" data-link=\"https:\/\/www.philippecharles.fr\/detail_3\/\" class=\"wp-image-577\"\/><\/figure><\/li><li class=\"blocks-gallery-item\"><figure><img loading=\"lazy\" decoding=\"async\" width=\"369\" height=\"277\" src=\"https:\/\/www.philippecharles.fr\/wp-content\/uploads\/2018\/09\/detail_2.jpg\" alt=\"\" data-id=\"576\" data-full-url=\"https:\/\/www.philippecharles.fr\/wp-content\/uploads\/2018\/09\/detail_2.jpg\" data-link=\"https:\/\/www.philippecharles.fr\/detail_2\/\" class=\"wp-image-576\"\/><\/figure><\/li><li class=\"blocks-gallery-item\"><figure><img loading=\"lazy\" decoding=\"async\" width=\"369\" height=\"277\" src=\"https:\/\/www.philippecharles.fr\/wp-content\/uploads\/2018\/09\/detail_1.jpg\" alt=\"\" data-id=\"575\" data-full-url=\"https:\/\/www.philippecharles.fr\/wp-content\/uploads\/2018\/09\/detail_1.jpg\" data-link=\"https:\/\/www.philippecharles.fr\/detail_1\/\" class=\"wp-image-575\"\/><\/figure><\/li><\/ul><figcaption class=\"blocks-gallery-caption\">D\u00e9tails et plans larges de Substrat<\/figcaption><\/figure>\n","protected":false},"excerpt":{"rendered":"<p>Collaboration avec Laetitia BOURGETTapis (crin animal, cheveu humain \/ mixed animal and human hairs), 320\u00d7200 cm Le tapis est le fruit d\u2019une s\u00e9dimentation de poils animaux et de cheveux humains entrem\u00eal\u00e9s qui constituent une forme d\u2019humus. \u00c0 la fois expression du temps, de la succession et de la coexistence des esp\u00e8ces sur un territoire, le &hellip; <\/p>\n<p class=\"link-more\"><a href=\"https:\/\/www.philippecharles.fr\/index.php\/substrat\/\" class=\"more-link\">Continuer la lecture<span class=\"screen-reader-text\"> de &laquo;&nbsp;substrat \/ substrate&nbsp;&raquo;<\/span><\/a><\/p>\n","protected":false},"author":1,"featured_media":0,"parent":0,"menu_order":0,"comment_status":"closed","ping_status":"closed","template":"","meta":{"footnotes":""},"_links":{"self":[{"href":"https:\/\/www.philippecharles.fr\/index.php\/wp-json\/wp\/v2\/pages\/565"}],"collection":[{"href":"https:\/\/www.philippecharles.fr\/index.php\/wp-json\/wp\/v2\/pages"}],"about":[{"href":"https:\/\/www.philippecharles.fr\/index.php\/wp-json\/wp\/v2\/types\/page"}],"author":[{"embeddable":true,"href":"https:\/\/www.philippecharles.fr\/index.php\/wp-json\/wp\/v2\/users\/1"}],"replies":[{"embeddable":true,"href":"https:\/\/www.philippecharles.fr\/index.php\/wp-json\/wp\/v2\/comments?post=565"}],"version-history":[{"count":0,"href":"https:\/\/www.philippecharles.fr\/index.php\/wp-json\/wp\/v2\/pages\/565\/revisions"}],"wp:attachment":[{"href":"https:\/\/www.philippecharles.fr\/index.php\/wp-json\/wp\/v2\/media?parent=565"}],"curies":[{"name":"wp","href":"https:\/\/api.w.org\/{rel}","templated":true}]}}