{"id":562,"date":"2018-09-27T09:10:38","date_gmt":"2018-09-27T07:10:38","guid":{"rendered":"https:\/\/www.philippecharles.fr\/SWITCH\/?page_id=562"},"modified":"2019-03-27T14:41:56","modified_gmt":"2019-03-27T13:41:56","slug":"visiteurs","status":"publish","type":"page","link":"https:\/\/www.philippecharles.fr\/index.php\/visiteurs\/","title":{"rendered":"visiteurs"},"content":{"rendered":"\n<p style=\"font-size:14px\">Photographies \/ 2002<br>Pour de vrai : deux femmes s\u2019aimaient dans une mansarde parisienne depuis 1941.<br> Lorsque l\u2019une vint \u00e0 mourir, l\u2019autre devint folle et d\u00e9serta l\u2019appartement, en abandonnant tout derri\u00e8re elle&#8230;<br> Pour de faux mais pour de vrai : deux jeunes <br> personnes \u00e9voluent dans le m\u00eame espace, en portant leurs v\u00eatements, en dormant dans leur lit et en mangeant leurs conserves&#8230;<\/p>\n\n\n\n<ul class=\"wp-block-gallery columns-3 is-cropped wp-block-gallery-1 is-layout-flex wp-block-gallery-is-layout-flex\"><li class=\"blocks-gallery-item\"><figure><img loading=\"lazy\" decoding=\"async\" width=\"368\" height=\"364\" src=\"https:\/\/www.philippecharles.fr\/wp-content\/uploads\/2019\/03\/v0.jpg\" alt=\"\" data-id=\"1244\" data-link=\"https:\/\/www.philippecharles.fr\/index.php\/visiteurs\/v0\/\" class=\"wp-image-1244\" srcset=\"https:\/\/www.philippecharles.fr\/wp-content\/uploads\/2019\/03\/v0.jpg 368w, https:\/\/www.philippecharles.fr\/wp-content\/uploads\/2019\/03\/v0-100x100.jpg 100w\" sizes=\"(max-width: 368px) 100vw, 368px\" \/><\/figure><\/li><li class=\"blocks-gallery-item\"><figure><img loading=\"lazy\" decoding=\"async\" width=\"368\" height=\"372\" src=\"https:\/\/www.philippecharles.fr\/wp-content\/uploads\/2019\/03\/v2.jpg\" alt=\"\" data-id=\"1245\" data-link=\"https:\/\/www.philippecharles.fr\/index.php\/visiteurs\/v2\/\" class=\"wp-image-1245\" srcset=\"https:\/\/www.philippecharles.fr\/wp-content\/uploads\/2019\/03\/v2.jpg 368w, https:\/\/www.philippecharles.fr\/wp-content\/uploads\/2019\/03\/v2-100x100.jpg 100w\" sizes=\"(max-width: 368px) 100vw, 368px\" \/><\/figure><\/li><li class=\"blocks-gallery-item\"><figure><img loading=\"lazy\" decoding=\"async\" width=\"300\" height=\"300\" src=\"https:\/\/www.philippecharles.fr\/wp-content\/uploads\/2019\/03\/v4.jpg\" alt=\"\" data-id=\"1246\" data-link=\"https:\/\/www.philippecharles.fr\/index.php\/visiteurs\/v4\/\" class=\"wp-image-1246\" srcset=\"https:\/\/www.philippecharles.fr\/wp-content\/uploads\/2019\/03\/v4.jpg 300w, https:\/\/www.philippecharles.fr\/wp-content\/uploads\/2019\/03\/v4-100x100.jpg 100w\" sizes=\"(max-width: 300px) 100vw, 300px\" \/><\/figure><\/li><li class=\"blocks-gallery-item\"><figure><img loading=\"lazy\" decoding=\"async\" width=\"368\" height=\"369\" src=\"https:\/\/www.philippecharles.fr\/wp-content\/uploads\/2019\/03\/v5.jpg\" alt=\"\" data-id=\"1247\" data-link=\"https:\/\/www.philippecharles.fr\/index.php\/visiteurs\/v5\/\" class=\"wp-image-1247\" srcset=\"https:\/\/www.philippecharles.fr\/wp-content\/uploads\/2019\/03\/v5.jpg 368w, https:\/\/www.philippecharles.fr\/wp-content\/uploads\/2019\/03\/v5-100x100.jpg 100w\" sizes=\"(max-width: 368px) 100vw, 368px\" \/><\/figure><\/li><li class=\"blocks-gallery-item\"><figure><img loading=\"lazy\" decoding=\"async\" width=\"300\" height=\"302\" src=\"https:\/\/www.philippecharles.fr\/wp-content\/uploads\/2019\/03\/visiteurs.jpg\" alt=\"\" data-id=\"1248\" data-link=\"https:\/\/www.philippecharles.fr\/index.php\/visiteurs\/visiteurs-2\/\" class=\"wp-image-1248\" srcset=\"https:\/\/www.philippecharles.fr\/wp-content\/uploads\/2019\/03\/visiteurs.jpg 300w, https:\/\/www.philippecharles.fr\/wp-content\/uploads\/2019\/03\/visiteurs-100x100.jpg 100w\" sizes=\"(max-width: 300px) 100vw, 300px\" \/><\/figure><\/li><\/ul>\n\n\n\n<p>Visitors<\/p>\n\n\n\n<p style=\"font-size:14px\">Stills \/ 2002<br><br>\nFor real: two women loved each other and lived in a little Parisian attic from 1941.<br>\nWhen one of them died, the other became mad. She abandoned the apartment, leaving everything behind her&#8230;<br>\nFalse but for real: two young people are placed in this environment, \nwearing their clothes, sleeping in their bed and eating their canned \nfood&#8230;<br>\n(translation: Lindsay Onions)<\/p>\n","protected":false},"excerpt":{"rendered":"<p>Photographies \/ 2002Pour de vrai : deux femmes s\u2019aimaient dans une mansarde parisienne depuis 1941. Lorsque l\u2019une vint \u00e0 mourir, l\u2019autre devint folle et d\u00e9serta l\u2019appartement, en abandonnant tout derri\u00e8re elle&#8230; Pour de faux mais pour de vrai : deux jeunes personnes \u00e9voluent dans le m\u00eame espace, en portant leurs v\u00eatements, en dormant dans leur &hellip; <\/p>\n<p class=\"link-more\"><a href=\"https:\/\/www.philippecharles.fr\/index.php\/visiteurs\/\" class=\"more-link\">Continuer la lecture<span class=\"screen-reader-text\"> de &laquo;&nbsp;visiteurs&nbsp;&raquo;<\/span><\/a><\/p>\n","protected":false},"author":1,"featured_media":0,"parent":0,"menu_order":0,"comment_status":"closed","ping_status":"closed","template":"","meta":{"footnotes":""},"_links":{"self":[{"href":"https:\/\/www.philippecharles.fr\/index.php\/wp-json\/wp\/v2\/pages\/562"}],"collection":[{"href":"https:\/\/www.philippecharles.fr\/index.php\/wp-json\/wp\/v2\/pages"}],"about":[{"href":"https:\/\/www.philippecharles.fr\/index.php\/wp-json\/wp\/v2\/types\/page"}],"author":[{"embeddable":true,"href":"https:\/\/www.philippecharles.fr\/index.php\/wp-json\/wp\/v2\/users\/1"}],"replies":[{"embeddable":true,"href":"https:\/\/www.philippecharles.fr\/index.php\/wp-json\/wp\/v2\/comments?post=562"}],"version-history":[{"count":0,"href":"https:\/\/www.philippecharles.fr\/index.php\/wp-json\/wp\/v2\/pages\/562\/revisions"}],"wp:attachment":[{"href":"https:\/\/www.philippecharles.fr\/index.php\/wp-json\/wp\/v2\/media?parent=562"}],"curies":[{"name":"wp","href":"https:\/\/api.w.org\/{rel}","templated":true}]}}