{"id":559,"date":"2018-09-27T09:10:11","date_gmt":"2018-09-27T07:10:11","guid":{"rendered":"https:\/\/www.philippecharles.fr\/SWITCH\/?page_id=559"},"modified":"2022-06-11T18:15:39","modified_gmt":"2022-06-11T16:15:39","slug":"monster","status":"publish","type":"page","link":"https:\/\/www.philippecharles.fr\/index.php\/monster\/","title":{"rendered":"monstres"},"content":{"rendered":"\n<p>\u00c9dition de dessins \/ Drawings\u2019 book<\/p>\n\n\n\n<p>Liste des participants :<br><em>J\u00e9rome Mayer, La\u00ebtitia Bourget, Denis Monmarch\u00e9, Sophie Brossais, Julien Delmotte, Marko Echeverria, Philippe Charles, Emmanuelle Houdart, Bertrand Grimault, Catherine Lasnier, Yann Gerstberger, Raynald De leo, Cyril Lepetit, Yael Gabison, Marc Plas, Arno Lebassard, Laurent Maire, Gabi Farage, Christiane Blanc, Zo\u00e9 Charles, Emile Morini\u00e8re, Marc Molk, Kyoko Imazu, Greg Fullerton.<\/em><\/p>\n\n\n\n<p>\u00bb Monstres&nbsp;\u00bb est un recueil de dessins collect\u00e9s aupr\u00e8s d\u2019une quarantaine de personnes. Chacune d\u2019entre elles est invit\u00e9e \u00e0 r\u00e9aliser des dessins explicites de r\u00eaves, de cauchemars ou de pulsions auxquelles elle a \u00e9t\u00e9 confront\u00e9e sans savoir comment les g\u00e9rer. Elles mettent donc en forme la honte, l\u2019embarras ou la culpabilit\u00e9 qu\u2019elles ont alors ressentie.<br><br>Ainsi ce recueil trace les limites de l\u2019image de soi, en ce sens que la personne communique vers la soci\u00e9t\u00e9 une vision d\u2019elle-m\u00eame, qu\u2019habituellement elle garde pour elle.<\/p>\n\n\n\n<figure class=\"wp-block-gallery has-nested-images columns-default is-cropped wp-block-gallery-1 is-layout-flex wp-block-gallery-is-layout-flex\">\n<figure class=\"wp-block-image\"><img loading=\"lazy\" decoding=\"async\" width=\"506\" height=\"539\" data-id=\"824\" src=\"https:\/\/www.philippecharles.fr\/wp-content\/uploads\/2018\/09\/img_158.gif\" alt=\"\" class=\"wp-image-824\"\/><\/figure>\n\n\n\n<figure class=\"wp-block-image\"><img loading=\"lazy\" decoding=\"async\" width=\"506\" height=\"539\" data-id=\"808\" src=\"https:\/\/www.philippecharles.fr\/wp-content\/uploads\/2018\/09\/img_142.gif\" alt=\"\" class=\"wp-image-808\"\/><\/figure>\n\n\n\n<figure class=\"wp-block-image\"><img loading=\"lazy\" decoding=\"async\" width=\"506\" height=\"539\" data-id=\"805\" src=\"https:\/\/www.philippecharles.fr\/wp-content\/uploads\/2018\/09\/img_139.gif\" alt=\"\" class=\"wp-image-805\"\/><\/figure>\n\n\n\n<figure class=\"wp-block-image\"><img loading=\"lazy\" decoding=\"async\" width=\"506\" height=\"539\" data-id=\"786\" src=\"https:\/\/www.philippecharles.fr\/wp-content\/uploads\/2018\/09\/img_120.gif\" alt=\"\" class=\"wp-image-786\"\/><\/figure>\n\n\n\n<figure class=\"wp-block-image\"><img loading=\"lazy\" decoding=\"async\" width=\"506\" height=\"539\" data-id=\"776\" src=\"https:\/\/www.philippecharles.fr\/wp-content\/uploads\/2018\/09\/img_110.gif\" alt=\"\" class=\"wp-image-776\"\/><\/figure>\n\n\n\n<figure class=\"wp-block-image\"><img loading=\"lazy\" decoding=\"async\" width=\"506\" height=\"539\" data-id=\"761\" src=\"https:\/\/www.philippecharles.fr\/wp-content\/uploads\/2018\/09\/img_95.gif\" alt=\"\" class=\"wp-image-761\"\/><\/figure>\n\n\n\n<figure class=\"wp-block-image\"><img loading=\"lazy\" decoding=\"async\" width=\"506\" height=\"539\" data-id=\"760\" src=\"https:\/\/www.philippecharles.fr\/wp-content\/uploads\/2018\/09\/img_94.gif\" alt=\"\" class=\"wp-image-760\"\/><\/figure>\n\n\n\n<figure class=\"wp-block-image\"><img loading=\"lazy\" decoding=\"async\" width=\"506\" height=\"539\" data-id=\"753\" src=\"https:\/\/www.philippecharles.fr\/wp-content\/uploads\/2018\/09\/img_87.gif\" alt=\"\" class=\"wp-image-753\"\/><\/figure>\n<\/figure>\n\n\n\n<p class=\"has-large-font-size\">monster<\/p>\n\n\n\n<p>Drawings\u2019 book<\/p>\n\n\n\n<p><em>Monsters is a book of drawings collected from about forty persons.<\/em><br><em><br>Each of them has been invited to realize explicit drawings of dreams, nightmares or pulsions to which he or she has been confrontated to, without knowing how to deal with.<\/em><br>T<em>herefore, they gave a shape to the shame, confusion or guilt they once experienced.<\/em><br>T<em>hat compedium traces the limits of self-awareness, in the sense that one communicates a vision of self towards the society \u2013 a vision usualy kept for oneself.<\/em><br><em><br>(translation : Bertrand Grimault)<\/em><\/p>\n\n\n\n<p><a href=\"#\">voir une s\u00e9lection de dessin\u2026<\/a><\/p>\n","protected":false},"excerpt":{"rendered":"<p>\u00c9dition de dessins \/ Drawings\u2019 book Liste des participants :J\u00e9rome Mayer, La\u00ebtitia Bourget, Denis Monmarch\u00e9, Sophie Brossais, Julien Delmotte, Marko Echeverria, Philippe Charles, Emmanuelle Houdart, Bertrand Grimault, Catherine Lasnier, Yann Gerstberger, Raynald De leo, Cyril Lepetit, Yael Gabison, Marc Plas, Arno Lebassard, Laurent Maire, Gabi Farage, Christiane Blanc, Zo\u00e9 Charles, Emile Morini\u00e8re, Marc Molk, Kyoko &hellip; <\/p>\n<p class=\"link-more\"><a href=\"https:\/\/www.philippecharles.fr\/index.php\/monster\/\" class=\"more-link\">Continuer la lecture<span class=\"screen-reader-text\"> de &laquo;&nbsp;monstres&nbsp;&raquo;<\/span><\/a><\/p>\n","protected":false},"author":1,"featured_media":0,"parent":0,"menu_order":0,"comment_status":"closed","ping_status":"closed","template":"","meta":{"footnotes":""},"_links":{"self":[{"href":"https:\/\/www.philippecharles.fr\/index.php\/wp-json\/wp\/v2\/pages\/559"}],"collection":[{"href":"https:\/\/www.philippecharles.fr\/index.php\/wp-json\/wp\/v2\/pages"}],"about":[{"href":"https:\/\/www.philippecharles.fr\/index.php\/wp-json\/wp\/v2\/types\/page"}],"author":[{"embeddable":true,"href":"https:\/\/www.philippecharles.fr\/index.php\/wp-json\/wp\/v2\/users\/1"}],"replies":[{"embeddable":true,"href":"https:\/\/www.philippecharles.fr\/index.php\/wp-json\/wp\/v2\/comments?post=559"}],"version-history":[{"count":1,"href":"https:\/\/www.philippecharles.fr\/index.php\/wp-json\/wp\/v2\/pages\/559\/revisions"}],"predecessor-version":[{"id":1603,"href":"https:\/\/www.philippecharles.fr\/index.php\/wp-json\/wp\/v2\/pages\/559\/revisions\/1603"}],"wp:attachment":[{"href":"https:\/\/www.philippecharles.fr\/index.php\/wp-json\/wp\/v2\/media?parent=559"}],"curies":[{"name":"wp","href":"https:\/\/api.w.org\/{rel}","templated":true}]}}