{"id":553,"date":"2018-09-27T09:09:21","date_gmt":"2018-09-27T07:09:21","guid":{"rendered":"https:\/\/www.philippecharles.fr\/SWITCH\/?page_id=553"},"modified":"2019-03-25T14:13:53","modified_gmt":"2019-03-25T13:13:53","slug":"base","status":"publish","type":"page","link":"https:\/\/www.philippecharles.fr\/index.php\/base\/","title":{"rendered":"base"},"content":{"rendered":"\n<p style=\"font-size:14px\">Base est une s\u00e9rie photographique  monographique sur la partie basse de tronc d&rsquo;arbres anciens, de for\u00eats  primaires australiennes (\u0153uvre connexe au projet <a href=\"https:\/\/www.philippecharles.fr\/index.php\/cellule\/\" target=\"_blank\" rel=\"noreferrer noopener\" aria-label=\"Cellule (ouverture dans un nouvel onglet)\">Cellule<\/a> ).<br>         <br>Ces arbres sont essentiellement des  montain ash ou swamp gums (Eucalyptus regnans) ou des brown top  stringybark (Eucalyptus obliqua). Leur dimension peut atteindre 97 m de  hauteur et 6,72 m de diam\u00e8tre. Ils sont les plus grands arbres fleuris  du monde, ce sont des arbres remarquables. Cette notion ob\u00e9it \u00e0 des  crit\u00e8res dendrologiques (dimensions, \u00e2ge \/ forme du tronc, des  frondaisons, des racines) ou culturels (valeur historique, religieuse,  ethnographique). Dans tous les cas, ce qui conf\u00e8re \u00e0 l&rsquo;arbre remarquable  sa valeur patrimoniale est sa raret\u00e9. <br>Mais on peut \u00e9galement approcher cette  qualification sur un plan \u00e9motionnel : l&rsquo;arbre remarquable est un arbre  qui se distingue de ses cong\u00e9n\u00e8res en attirant le regard ou en suscitant  un sentiment profond\u2026<br><br><br> <a href=\"http:\/\/philippecharles.fr\/img\/base\/galerie_base\/index.html\">Voir la s\u00e9rie compl\u00e8te<\/a><\/p>\n\n\n\n<figure class=\"wp-block-image\"><img decoding=\"async\" src=\"http:\/\/philippecharles.fr\/img\/base\/galerie_base\/images\/image-2.jpg\" alt=\"\"\/><figcaption>BASE_3 :  tirage lambda contrecoll\u00e9 sous diasec en 150cm x 120cm <\/figcaption><\/figure>\n\n\n\n<p>BASE          <\/p>\n\n\n\n<p style=\"font-size:14px\">Base (Basis) is a photographic series focusing on the lower trunk of ancient trees, shot in primary forests of Australia.\n         <\/p>\n\n\n\n<p style=\"font-size:14px\">Most of those trees are mountain ash, swamp gums (Eucalyptus regnans) or brown top stringybark (Eucalyptus obliqua). <br>They can reach 320 feet in height and about 20 feet in diameter. <br>They are the biggest flourishing trees on earth, they are  remarkable trees. That notion obeys to dendrological criterions  (dimensions, age \/ shape of trunk, frondescence, roots) as well as  cultural (historical, religious, ethnographic value). <br>In any case, this is the rarity of the remarkable tree that bestows its patrimonial value.<br>Moreover, one can enter upon that  qualification on an emotional level : the remarkable tree is noticeable  from its likes as it attracts attention or arouses a profound feeling&#8230;<br><br><br><a rel=\"noreferrer noopener\" href=\"http:\/\/philippecharles.fr\/img\/base\/galerie_base\/index.html\" target=\"_blank\">Have a look to the complete serie<\/a><\/p>\n\n\n\n<figure class=\"wp-block-image\"><img decoding=\"async\" src=\"http:\/\/philippecharles.fr\/img\/base\/galerie_base\/images\/image-3.jpg\" alt=\"\"\/><figcaption>BASE_4 : tirage lambda contrecoll\u00e9 sous diasec en 150cm x 120cm <\/figcaption><\/figure>\n","protected":false},"excerpt":{"rendered":"<p>Base est une s\u00e9rie photographique monographique sur la partie basse de tronc d&rsquo;arbres anciens, de for\u00eats primaires australiennes (\u0153uvre connexe au projet Cellule ). Ces arbres sont essentiellement des montain ash ou swamp gums (Eucalyptus regnans) ou des brown top stringybark (Eucalyptus obliqua). Leur dimension peut atteindre 97 m de hauteur et 6,72 m de &hellip; <\/p>\n<p class=\"link-more\"><a href=\"https:\/\/www.philippecharles.fr\/index.php\/base\/\" class=\"more-link\">Continuer la lecture<span class=\"screen-reader-text\"> de &laquo;&nbsp;base&nbsp;&raquo;<\/span><\/a><\/p>\n","protected":false},"author":1,"featured_media":0,"parent":0,"menu_order":0,"comment_status":"closed","ping_status":"closed","template":"","meta":{"footnotes":""},"_links":{"self":[{"href":"https:\/\/www.philippecharles.fr\/index.php\/wp-json\/wp\/v2\/pages\/553"}],"collection":[{"href":"https:\/\/www.philippecharles.fr\/index.php\/wp-json\/wp\/v2\/pages"}],"about":[{"href":"https:\/\/www.philippecharles.fr\/index.php\/wp-json\/wp\/v2\/types\/page"}],"author":[{"embeddable":true,"href":"https:\/\/www.philippecharles.fr\/index.php\/wp-json\/wp\/v2\/users\/1"}],"replies":[{"embeddable":true,"href":"https:\/\/www.philippecharles.fr\/index.php\/wp-json\/wp\/v2\/comments?post=553"}],"version-history":[{"count":0,"href":"https:\/\/www.philippecharles.fr\/index.php\/wp-json\/wp\/v2\/pages\/553\/revisions"}],"wp:attachment":[{"href":"https:\/\/www.philippecharles.fr\/index.php\/wp-json\/wp\/v2\/media?parent=553"}],"curies":[{"name":"wp","href":"https:\/\/api.w.org\/{rel}","templated":true}]}}