{"id":160,"date":"2018-06-18T15:06:09","date_gmt":"2018-06-18T13:06:09","guid":{"rendered":"https:\/\/www.philippecharles.fr\/SWITCH\/?page_id=160"},"modified":"2020-02-29T17:09:07","modified_gmt":"2020-02-29T16:09:07","slug":"third","status":"publish","type":"page","link":"https:\/\/www.philippecharles.fr\/index.php\/third\/","title":{"rendered":"third"},"content":{"rendered":"\n<p style=\"font-size:14px\"><em>THIRD (2009\/2012) est une trilogie vid\u00e9o \u00e0 caract\u00e8re contemplatif dont chaque volet dure  une douzaine de minutes. Pour chacun d\u2019eux la composition est assur\u00e9e  par Jean-Christophe FELDHANLER<\/em><\/p>\n\n\n\n<p style=\"font-size:28px\">WOMAN <\/p>\n\n\n\n<p style=\"font-size:14px\">Commande musicale du CCAM \u2013 sc\u00e8ne nationale de Vandoeuvre-l\u00e8s-Nancy en 2005 et cr\u00e9\u00e9e en 2006. Reprise en 2009, avec la cr\u00e9ation de la partition vid\u00e9ographique en coproduction avec C\u00e9sar\u00e9, Centre national de cr\u00e9ation musicale \u00e0 Reims.<br><em>I<\/em>n<em>terpr\u00e9tation : Martine ALTENBURGER (violoncelle), L\u00ca QUAN Ninh (temps r\u00e9el)<\/em><br>Des femmes de tous \u00e2ges se succ\u00e8dent, dress\u00e9es, le regard frontal. Elles pr\u00e9sentent leur buste solidement camp\u00e9es, les mains prot\u00e9geant leurs seins, puis apparaissent dans une autre dimension sous la forme d\u2018une aura tentaculaire : les femmes-fleurs.<br><\/p>\n\n\n\n<p style=\"font-size:14px\" class=\"has-text-color has-vivid-cyan-blue-color\">&#8211; <a href=\"http:\/\/philippecharles.fr\/media\/videos_1\/woman.mov\">Voir la vid\u00e9o<\/a><\/p>\n\n\n\n<figure class=\"wp-block-image size-large\"><img loading=\"lazy\" decoding=\"async\" width=\"695\" height=\"391\" src=\"https:\/\/www.philippecharles.fr\/wp-content\/uploads\/2018\/09\/woman.jpg\" alt=\"\" class=\"wp-image-623\"\/><figcaption>Image extraite de WOMAN sous sa forme performative, premier volet de la trilogie THIRD<\/figcaption><\/figure>\n\n\n\n<p style=\"font-size:28px\">THIRD<\/p>\n\n\n\n<p style=\"font-size:14px\"><em>Production : ZINC arts et cultures num\u00e9riques et les F\u00e9es d\u2019hiver, dans le cadre du programme Agir de la r\u00e9gion Provence Alpes C\u00f4te d\u2019Azur<\/em><br>&#8211; <em>Interpr\u00e9tation : Martine ALTENBURGER (violoncelle) et Tiziana BERTONCINI (violon)<\/em><br>Un petit p\u00e8lerin de 4 ans explore une for\u00eat avec jeu et curiosit\u00e9. Son regard, ses gestes nous r\u00e9v\u00e8lent un foisonnement de vie invisible.<br><\/p>\n\n\n\n<p style=\"font-size:14px\" class=\"has-text-color has-vivid-cyan-blue-color\">&#8211; <a href=\"https:\/\/www.philippecharles.fr\/media\/videos_1\/CHILD.mov\">V<\/a><a href=\"http:\/\/philippecharles.fr\/media\/videos_1\/THIRD.mp4\">oir la vid\u00e9o<\/a><br><\/p>\n\n\n\n<figure class=\"wp-block-image size-large\"><img decoding=\"async\" src=\"https:\/\/www.philippecharles.fr\/wp-content\/uploads\/2018\/09\/Capture-d\u2019e\u0301cran-2017-04-04-a\u0300-16.41.46-1024x575.png\" alt=\"\" class=\"wp-image-500\"\/><figcaption>Image extraite de THIRD, second volet de la trilogie THIRD<\/figcaption><\/figure>\n\n\n\n<p style=\"font-size:28px\">CHILD<\/p>\n\n\n\n<p style=\"font-size:14px\">Production : ZINC arts et cultures num\u00e9riques, Myselfproduction<br>Un petit p\u00e8lerin de 4 ans explore une for\u00eat avec jeu et curiosit\u00e9. Son regard, ses gestes nous r\u00e9v\u00e8lent un foisonnement de vie invisible.<br><\/p>\n\n\n\n<p style=\"font-size:14px\" class=\"has-text-color has-vivid-cyan-blue-color\">&#8211; <a href=\"https:\/\/www.philippecharles.fr\/media\/videos_1\/CHILD.mov\">Voir la vid\u00e9o<\/a><\/p>\n\n\n\n<figure class=\"wp-block-image size-large\"><img loading=\"lazy\" decoding=\"async\" width=\"695\" height=\"391\" src=\"https:\/\/www.philippecharles.fr\/wp-content\/uploads\/2018\/09\/child.jpg\" alt=\"\" class=\"wp-image-621\"\/><figcaption>Image extraite de CHILD, dernier volet de la trilogie THIRD<\/figcaption><\/figure>\n\n\n\n<p><\/p>\n","protected":false},"excerpt":{"rendered":"<p>THIRD (2009\/2012) est une trilogie vid\u00e9o \u00e0 caract\u00e8re contemplatif dont chaque volet dure une douzaine de minutes. Pour chacun d\u2019eux la composition est assur\u00e9e par Jean-Christophe FELDHANLER WOMAN Commande musicale du CCAM \u2013 sc\u00e8ne nationale de Vandoeuvre-l\u00e8s-Nancy en 2005 et cr\u00e9\u00e9e en 2006. Reprise en 2009, avec la cr\u00e9ation de la partition vid\u00e9ographique en coproduction &hellip; <\/p>\n<p class=\"link-more\"><a href=\"https:\/\/www.philippecharles.fr\/index.php\/third\/\" class=\"more-link\">Continuer la lecture<span class=\"screen-reader-text\"> de &laquo;&nbsp;third&nbsp;&raquo;<\/span><\/a><\/p>\n","protected":false},"author":1,"featured_media":0,"parent":0,"menu_order":0,"comment_status":"closed","ping_status":"closed","template":"","meta":{"footnotes":""},"_links":{"self":[{"href":"https:\/\/www.philippecharles.fr\/index.php\/wp-json\/wp\/v2\/pages\/160"}],"collection":[{"href":"https:\/\/www.philippecharles.fr\/index.php\/wp-json\/wp\/v2\/pages"}],"about":[{"href":"https:\/\/www.philippecharles.fr\/index.php\/wp-json\/wp\/v2\/types\/page"}],"author":[{"embeddable":true,"href":"https:\/\/www.philippecharles.fr\/index.php\/wp-json\/wp\/v2\/users\/1"}],"replies":[{"embeddable":true,"href":"https:\/\/www.philippecharles.fr\/index.php\/wp-json\/wp\/v2\/comments?post=160"}],"version-history":[{"count":0,"href":"https:\/\/www.philippecharles.fr\/index.php\/wp-json\/wp\/v2\/pages\/160\/revisions"}],"wp:attachment":[{"href":"https:\/\/www.philippecharles.fr\/index.php\/wp-json\/wp\/v2\/media?parent=160"}],"curies":[{"name":"wp","href":"https:\/\/api.w.org\/{rel}","templated":true}]}}