{"id":149,"date":"2018-06-18T14:42:35","date_gmt":"2018-06-18T12:42:35","guid":{"rendered":"https:\/\/www.philippecharles.fr\/SWITCH\/?page_id=149"},"modified":"2019-03-25T09:35:34","modified_gmt":"2019-03-25T08:35:34","slug":"par-dela","status":"publish","type":"page","link":"https:\/\/www.philippecharles.fr\/index.php\/par-dela\/","title":{"rendered":"par del\u00e0"},"content":{"rendered":"\n<p style=\"font-size:14px\">Installation vid\u00e9ographique (4 \u00e9crans) et sonore<br>R\u00e9alisation et montage vid\u00e9o  : Philippe CHARLES<br>Composition musicale et percussions : Jean-Christophe FELDHANDLER<br>Prise de son, diffusion et spatialisation sonores : Christophe HAVARD<br>Avec Martine ALTENBURGER (voix et violoncelle), Sylvie DEGUY (voix), G\u00e9raldine KELLER (voix) et Aur\u00e9lie MAISONNEUVE (voix)<br><br><\/p>\n\n\n\n<p style=\"font-size:14px\">Les images ont \u00e9t\u00e9 tourn\u00e9es pour partie au cours des r\u00e9sidences artistiques au sein des Parcs R\u00e9gionaux Naturels de la Bri\u00e8re, des Landes de Gascognes, des volcans d\u2019Auvergne et de Loire Anjou Touraine. Et enfin en Brenne. Pour la r\u00e9alisation du dispositif de diffusion sonore, Jean-Christophe Feldhandler a travaill\u00e9 en collaboration avec Christophe Havard. Celui-ci a aussi produit des prises de son de l\u2019acoustique du lieu, de ses espaces et sonorit\u00e9s remarquables, mont\u00e9es en insertion avec les parties musicales, dont l\u2019enregistrement, dans l\u2019Abbaye m\u00eame, a permis d\u2019impr\u00e9gner la musique de la mati\u00e8re sonore du lieu. Martine Altenburger, au violoncelle, Sylvie Deguy, G\u00e9raldine Keller et Aur\u00e9lie Maisonneuve, \u00e0 la voix, et Jean-Christophe Feldhandler, aux percussions ont donc r\u00e9sid\u00e9 au sein de l\u2019Abbaye durant l\u2019hiver, pour y finaliser l\u2019interpr\u00e9tation.<\/p>\n\n\n\n<figure class=\"wp-block-image\"><img loading=\"lazy\" decoding=\"async\" width=\"475\" height=\"637\" src=\"https:\/\/www.philippecharles.fr\/SWITCH\/wp-content\/uploads\/2018\/06\/30708029_2009330829327734_6469489403699085944_n.jpg\" alt=\"\" class=\"wp-image-153\"\/><figcaption>Image extraite de l\u2019installation vid\u00e9ographique Par Del\u00e0<\/figcaption><\/figure>\n\n\n\n<p style=\"font-size:14px\">Quatre \u00e9crans synchronis\u00e9s diffusent un montage vid\u00e9o o\u00f9 se succ\u00e8dent les paysages, travers\u00e9s par la pr\u00e9sence de l\u2019eau. Lenteur, contemplation, glissement d\u2019un paysage \u00e0 l\u2019autre et apparition d\u2019un personnage de fillette, candide, radieux, \u00e0 la fois sauvage et sophistiqu\u00e9e, dans les gestes, la parure, sa cape, son b\u00e2ton. Elle est dans son monde, habite cette nature, arpente, recueille, se blottit, joue, vit, pieds nus sur les feuilles des sous bois, la mousse des sentiers, l\u2019eau clair des ruisseaux.<br><br>Dans la chambre vid\u00e9o une ritournelle, violoncelle et voix, une citation de Bach (extrait de l\u2019art de la fugue) interpr\u00e9t\u00e9e par le trio vocal, fredonn\u00e9 par la violoncelliste, une r\u00e9interpr\u00e9tation des pi\u00e8ces pour percussion \u00e0 la voix, font \u00e9chos \u00e0 l\u2019enfance, \u00e0 l\u2019environnement de la for\u00eat humide sous nos yeux. L\u2019ensemble des corpus musicaux du parcours se retrouvent ici, mont\u00e9s selon un processus al\u00e9atoire Cagien, faisant appel au tirage du Yi King.<\/p>\n\n\n\n<p style=\"font-size:14px\">C\u2019est une longue travers\u00e9e de presque une heure qui nous est propos\u00e9e dans cette chambre vid\u00e9o. Le temps de prendre le temps de la reliance.<\/p>\n\n\n\n<p>(Laetitia BOURGET)<\/p>\n\n\n\n<figure class=\"wp-block-image\"><img loading=\"lazy\" decoding=\"async\" width=\"552\" height=\"727\" src=\"https:\/\/www.philippecharles.fr\/SWITCH\/wp-content\/uploads\/2018\/06\/30709191_2009322149328602_286392037938061192_n.jpg\" alt=\"\" class=\"wp-image-151\"\/><figcaption>Image extraite de l\u2019installation vid\u00e9ographique Par Del\u00e0<\/figcaption><\/figure>\n\n\n\n<figure class=\"wp-block-image is-resized\"><img loading=\"lazy\" decoding=\"async\" width=\"477\" height=\"635\" src=\"https:\/\/www.philippecharles.fr\/SWITCH\/wp-content\/uploads\/2018\/09\/Capture-d\u2019e\u0301cran-2018-04-30-a\u0300-22.41.24.png\" alt=\"\" class=\"wp-image-494\"\/><figcaption>Image extraite de l\u2019installation vid\u00e9ographique Par Del\u00e0<\/figcaption><\/figure>\n","protected":false},"excerpt":{"rendered":"<p>Installation vid\u00e9ographique (4 \u00e9crans) et sonoreR\u00e9alisation et montage vid\u00e9o : Philippe CHARLESComposition musicale et percussions : Jean-Christophe FELDHANDLERPrise de son, diffusion et spatialisation sonores : Christophe HAVARDAvec Martine ALTENBURGER (voix et violoncelle), Sylvie DEGUY (voix), G\u00e9raldine KELLER (voix) et Aur\u00e9lie MAISONNEUVE (voix) Les images ont \u00e9t\u00e9 tourn\u00e9es pour partie au cours des r\u00e9sidences artistiques au &hellip; <\/p>\n<p class=\"link-more\"><a href=\"https:\/\/www.philippecharles.fr\/index.php\/par-dela\/\" class=\"more-link\">Continuer la lecture<span class=\"screen-reader-text\"> de &laquo;&nbsp;par del\u00e0&nbsp;&raquo;<\/span><\/a><\/p>\n","protected":false},"author":1,"featured_media":0,"parent":0,"menu_order":0,"comment_status":"closed","ping_status":"closed","template":"","meta":{"footnotes":""},"_links":{"self":[{"href":"https:\/\/www.philippecharles.fr\/index.php\/wp-json\/wp\/v2\/pages\/149"}],"collection":[{"href":"https:\/\/www.philippecharles.fr\/index.php\/wp-json\/wp\/v2\/pages"}],"about":[{"href":"https:\/\/www.philippecharles.fr\/index.php\/wp-json\/wp\/v2\/types\/page"}],"author":[{"embeddable":true,"href":"https:\/\/www.philippecharles.fr\/index.php\/wp-json\/wp\/v2\/users\/1"}],"replies":[{"embeddable":true,"href":"https:\/\/www.philippecharles.fr\/index.php\/wp-json\/wp\/v2\/comments?post=149"}],"version-history":[{"count":0,"href":"https:\/\/www.philippecharles.fr\/index.php\/wp-json\/wp\/v2\/pages\/149\/revisions"}],"wp:attachment":[{"href":"https:\/\/www.philippecharles.fr\/index.php\/wp-json\/wp\/v2\/media?parent=149"}],"curies":[{"name":"wp","href":"https:\/\/api.w.org\/{rel}","templated":true}]}}