{"id":1366,"date":"2020-02-29T17:36:35","date_gmt":"2020-02-29T16:36:35","guid":{"rendered":"https:\/\/www.philippecharles.fr\/?page_id=1366"},"modified":"2020-02-29T17:53:24","modified_gmt":"2020-02-29T16:53:24","slug":"les-hommes-oiseau-the-bird-human-serie-photographique-photographies-augmentees","status":"publish","type":"page","link":"https:\/\/www.philippecharles.fr\/index.php\/les-hommes-oiseau-the-bird-human-serie-photographique-photographies-augmentees\/","title":{"rendered":"les hommes-oiseau \/the bird-human"},"content":{"rendered":"\n<p>L&rsquo;enfant-oiseau #1<br>2009<\/p>\n\n\n\n<p><em>Photographie augment\u00e9e de la s\u00e9rie \u00ab\u00a0les hommes-oiseaux\u00a0\u00bb, tirage lambda, plumes d&rsquo;oiseaux (\u00e9tourneau, faisan dor\u00e9, martin p\u00e9cheur, faisan Amherst, tetras, colin de Virginie), 19cm X 26cm hors cadre<\/em> \/ Increased photoprint from Bird-Humans&rsquo;serie<em>, lamda print, feather (starling, golden pheasant, kingfisher, Amherst pheasant, grouse, bobwhite quail<\/em>), 19cm X 26cm<\/p>\n\n\n\n<figure class=\"wp-block-image size-large\"><img loading=\"lazy\" decoding=\"async\" width=\"600\" height=\"865\" src=\"https:\/\/www.philippecharles.fr\/wp-content\/uploads\/2020\/02\/enfant-oiseau1_web.jpg\" alt=\"\" class=\"wp-image-1367\"\/><\/figure>\n\n\n\n<p>L&rsquo;enfant-oiseau #2<br>2011<br><br><em>Photographie augment\u00e9e de la s\u00e9rie \u00ab\u00a0les hommes-oiseaux\u00a0\u00bb, tirage lambda, plumes d&rsquo;oiseaux (faisan argent\u00e9, paon, canard colvert, pintade), 19cm X 26cm hors cadre<\/em> \/ Increased photoprint from Bird-Humans&rsquo;serie<em>, lamda print, feather (silver pheasant, peacock, guinea fowl<\/em>), 19cm X 26cm<\/p>\n\n\n\n<figure class=\"wp-block-image size-large\"><img loading=\"lazy\" decoding=\"async\" width=\"600\" height=\"856\" src=\"https:\/\/www.philippecharles.fr\/wp-content\/uploads\/2020\/02\/enfant-oiseau2.jpg\" alt=\"\" class=\"wp-image-1369\"\/><\/figure>\n","protected":false},"excerpt":{"rendered":"<p>L&rsquo;enfant-oiseau #12009 Photographie augment\u00e9e de la s\u00e9rie \u00ab\u00a0les hommes-oiseaux\u00a0\u00bb, tirage lambda, plumes d&rsquo;oiseaux (\u00e9tourneau, faisan dor\u00e9, martin p\u00e9cheur, faisan Amherst, tetras, colin de Virginie), 19cm X 26cm hors cadre \/ Increased photoprint from Bird-Humans&rsquo;serie, lamda print, feather (starling, golden pheasant, kingfisher, Amherst pheasant, grouse, bobwhite quail), 19cm X 26cm L&rsquo;enfant-oiseau #22011 Photographie augment\u00e9e de la &hellip; <\/p>\n<p class=\"link-more\"><a href=\"https:\/\/www.philippecharles.fr\/index.php\/les-hommes-oiseau-the-bird-human-serie-photographique-photographies-augmentees\/\" class=\"more-link\">Continuer la lecture<span class=\"screen-reader-text\"> de &laquo;&nbsp;les hommes-oiseau \/the bird-human&nbsp;&raquo;<\/span><\/a><\/p>\n","protected":false},"author":1,"featured_media":0,"parent":0,"menu_order":0,"comment_status":"closed","ping_status":"closed","template":"","meta":{"footnotes":""},"_links":{"self":[{"href":"https:\/\/www.philippecharles.fr\/index.php\/wp-json\/wp\/v2\/pages\/1366"}],"collection":[{"href":"https:\/\/www.philippecharles.fr\/index.php\/wp-json\/wp\/v2\/pages"}],"about":[{"href":"https:\/\/www.philippecharles.fr\/index.php\/wp-json\/wp\/v2\/types\/page"}],"author":[{"embeddable":true,"href":"https:\/\/www.philippecharles.fr\/index.php\/wp-json\/wp\/v2\/users\/1"}],"replies":[{"embeddable":true,"href":"https:\/\/www.philippecharles.fr\/index.php\/wp-json\/wp\/v2\/comments?post=1366"}],"version-history":[{"count":0,"href":"https:\/\/www.philippecharles.fr\/index.php\/wp-json\/wp\/v2\/pages\/1366\/revisions"}],"wp:attachment":[{"href":"https:\/\/www.philippecharles.fr\/index.php\/wp-json\/wp\/v2\/media?parent=1366"}],"curies":[{"name":"wp","href":"https:\/\/api.w.org\/{rel}","templated":true}]}}