{"id":1348,"date":"2019-03-28T12:08:43","date_gmt":"2019-03-28T11:08:43","guid":{"rendered":"https:\/\/www.philippecharles.fr\/?page_id=1348"},"modified":"2019-03-28T12:08:44","modified_gmt":"2019-03-28T11:08:44","slug":"le-jeune-mannequin-the-young-dummy","status":"publish","type":"page","link":"https:\/\/www.philippecharles.fr\/index.php\/le-jeune-mannequin-the-young-dummy\/","title":{"rendered":"Le jeune mannequin \/ the young dummy"},"content":{"rendered":"\n<p style=\"font-size:14px\">Vid\u00e9o-installation (ordinateur, cellule photo-\u00e9lectrique, vid\u00e9oprojecteur \/ computer, photoelectric cell, videoprojector) _1996<\/p>\n\n\n\n<p style=\"font-size:14px\">Sur le mur d\u2019une salle est projet\u00e9e l\u2019image  d\u2019un mannequin suspendu \u00e0 une corde par les pieds, au-dessus d\u2019un f\u00fbt  rempli d\u2019eau. Il est visiblement jeune, sans chaussures et ses mains  sont attach\u00e9es dans le dos.<br>Sa course du plafond au f\u00fbt est constitu\u00e9e d\u2019une succession de  350 s\u00e9quences dont la lecture est assujettie \u00e0 une cellule  photo-\u00e9lectrique, plac\u00e9e \u00e0 l\u2019\u00e9cart de la projection, qui d\u00e9tecte chaque  passage de visiteur. L\u2019ordinateur g\u00e8re la course du mannequin par  rapport aux informations de cette cellule et au temps qui passe. <br>Ainsi par avance aura \u00e9t\u00e9 d\u00e9termin\u00e9e une moyenne de passage. A  cette moyenne correspond une hauteur de course m\u00e9diane situ\u00e9e entre le  plafond et le f\u00fbt.<br>Si la fr\u00e9quence de passage est sup\u00e9rieure \u00e0 cette moyenne, le  mannequin glissera pas \u00e0 pas dans l\u2019eau. Au contraire si le passage est  plus faible, le mannequin remontera de la m\u00eame mani\u00e8re, vers sa position  la plus haute.<\/p>\n\n\n\n<figure class=\"wp-block-image\"><img loading=\"lazy\" decoding=\"async\" width=\"300\" height=\"225\" src=\"https:\/\/www.philippecharles.fr\/wp-content\/uploads\/2019\/03\/jeuneman.gif\" alt=\"\" class=\"wp-image-1350\"\/><\/figure>\n\n\n\n<p style=\"font-size:14px\">The image of a model, dangling upside down on a\n rope, over a barrel of water. He is clearly young, is bare-footed and \nhis hands are tied behind his back. His route from the ceiling to the \nbarrel is made up of 350 sequences in succession. The reading of these \nimages is dependant upon to a photo-electric cell, placed away from the \nprojection \/ image, which detects the visitors\u2019 movement as they pass. A\n computer controls the route of the model depending on the information \nreceived from the cell and the time that elapses.<br>\n        In this way, an average of visitor movement in front of the cell\n is determined in advance. This average corresponds to an average height\n between the ceiling and the barrel. If the frequency of movement in \nfront of the cell, the model will gradually slip into the water. On the \nother hand, if the movement in the room is weaker, the model will rise \nto its highest position in the same way.<br>\n    (translation: Lindsay Onions)<\/p>\n","protected":false},"excerpt":{"rendered":"<p>Vid\u00e9o-installation (ordinateur, cellule photo-\u00e9lectrique, vid\u00e9oprojecteur \/ computer, photoelectric cell, videoprojector) _1996 Sur le mur d\u2019une salle est projet\u00e9e l\u2019image d\u2019un mannequin suspendu \u00e0 une corde par les pieds, au-dessus d\u2019un f\u00fbt rempli d\u2019eau. Il est visiblement jeune, sans chaussures et ses mains sont attach\u00e9es dans le dos.Sa course du plafond au f\u00fbt est constitu\u00e9e d\u2019une &hellip; <\/p>\n<p class=\"link-more\"><a href=\"https:\/\/www.philippecharles.fr\/index.php\/le-jeune-mannequin-the-young-dummy\/\" class=\"more-link\">Continuer la lecture<span class=\"screen-reader-text\"> de &laquo;&nbsp;Le jeune mannequin \/ the young dummy&nbsp;&raquo;<\/span><\/a><\/p>\n","protected":false},"author":1,"featured_media":0,"parent":0,"menu_order":0,"comment_status":"closed","ping_status":"closed","template":"","meta":{"footnotes":""},"_links":{"self":[{"href":"https:\/\/www.philippecharles.fr\/index.php\/wp-json\/wp\/v2\/pages\/1348"}],"collection":[{"href":"https:\/\/www.philippecharles.fr\/index.php\/wp-json\/wp\/v2\/pages"}],"about":[{"href":"https:\/\/www.philippecharles.fr\/index.php\/wp-json\/wp\/v2\/types\/page"}],"author":[{"embeddable":true,"href":"https:\/\/www.philippecharles.fr\/index.php\/wp-json\/wp\/v2\/users\/1"}],"replies":[{"embeddable":true,"href":"https:\/\/www.philippecharles.fr\/index.php\/wp-json\/wp\/v2\/comments?post=1348"}],"version-history":[{"count":0,"href":"https:\/\/www.philippecharles.fr\/index.php\/wp-json\/wp\/v2\/pages\/1348\/revisions"}],"wp:attachment":[{"href":"https:\/\/www.philippecharles.fr\/index.php\/wp-json\/wp\/v2\/media?parent=1348"}],"curies":[{"name":"wp","href":"https:\/\/api.w.org\/{rel}","templated":true}]}}