{"id":1336,"date":"2019-03-28T12:01:31","date_gmt":"2019-03-28T11:01:31","guid":{"rendered":"https:\/\/www.philippecharles.fr\/?page_id=1336"},"modified":"2019-03-28T12:01:54","modified_gmt":"2019-03-28T11:01:54","slug":"mais-cetait-quoi-ca-but-what-was-that","status":"publish","type":"page","link":"https:\/\/www.philippecharles.fr\/index.php\/mais-cetait-quoi-ca-but-what-was-that\/","title":{"rendered":"mais c\u2019\u00e9tait quoi \u00e7a? \/ but what was that?"},"content":{"rendered":"\n<p style=\"font-size:14px\">installation _ Fictionary 3 (nov 2000)<br>(boite pexiglass, poup\u00e9e, mat\u00e9riel de ventilation agricole \/ pexi-glass box, doll, agricultural ventilation equipement)<\/p>\n\n\n\n<p style=\"font-size:14px\">Une boite en plexiglass, un fond jonch\u00e9 de fiente, une petite poup\u00e9e tr\u00e8s sale, du mat\u00e9riel de ventilation, des images d\u2019une chambre \u00e0 coucher et d\u2019une salle de bain&#8230; Il ne  nous reste que le d\u00e9cor inqui\u00e9tant d\u2019une sc\u00e8ne myst\u00e9rieuse qui se  serait d\u00e9roul\u00e9e dans le repli d\u2019un environnement en apparence idyllique.<\/p>\n\n\n\n<ul class=\"wp-block-gallery columns-2 is-cropped wp-block-gallery-1 is-layout-flex wp-block-gallery-is-layout-flex\"><li class=\"blocks-gallery-item\"><figure><img loading=\"lazy\" decoding=\"async\" width=\"300\" height=\"241\" src=\"https:\/\/www.philippecharles.fr\/wp-content\/uploads\/2019\/03\/image40.jpg\" alt=\"\" data-id=\"1337\" data-link=\"https:\/\/www.philippecharles.fr\/?attachment_id=1337\" class=\"wp-image-1337\"\/><\/figure><\/li><li class=\"blocks-gallery-item\"><figure><img loading=\"lazy\" decoding=\"async\" width=\"300\" height=\"240\" src=\"https:\/\/www.philippecharles.fr\/wp-content\/uploads\/2019\/03\/vue_globale.jpg\" alt=\"\" data-id=\"1338\" data-link=\"https:\/\/www.philippecharles.fr\/?attachment_id=1338\" class=\"wp-image-1338\"\/><\/figure><\/li><\/ul>\n\n\n\n<p style=\"font-size:14px\">A plexi-glass box, the bottom covered in bird \nexcrement, a very\/ extremely dirty doll, ventilation equipment, images \nof a bedroom and a bathroom\u2026 There only remains the troubling decor of a\n mysterious scene appears to have taken place in the innermost recesses \nof an apparently idyllic environment.<br>\n    (translation: Lindsay Onions)<\/p>\n","protected":false},"excerpt":{"rendered":"<p>installation _ Fictionary 3 (nov 2000)(boite pexiglass, poup\u00e9e, mat\u00e9riel de ventilation agricole \/ pexi-glass box, doll, agricultural ventilation equipement) Une boite en plexiglass, un fond jonch\u00e9 de fiente, une petite poup\u00e9e tr\u00e8s sale, du mat\u00e9riel de ventilation, des images d\u2019une chambre \u00e0 coucher et d\u2019une salle de bain&#8230; Il ne nous reste que le d\u00e9cor &hellip; <\/p>\n<p class=\"link-more\"><a href=\"https:\/\/www.philippecharles.fr\/index.php\/mais-cetait-quoi-ca-but-what-was-that\/\" class=\"more-link\">Continuer la lecture<span class=\"screen-reader-text\"> de &laquo;&nbsp;mais c\u2019\u00e9tait quoi \u00e7a? \/ but what was that?&nbsp;&raquo;<\/span><\/a><\/p>\n","protected":false},"author":1,"featured_media":0,"parent":0,"menu_order":0,"comment_status":"closed","ping_status":"closed","template":"","meta":{"footnotes":""},"_links":{"self":[{"href":"https:\/\/www.philippecharles.fr\/index.php\/wp-json\/wp\/v2\/pages\/1336"}],"collection":[{"href":"https:\/\/www.philippecharles.fr\/index.php\/wp-json\/wp\/v2\/pages"}],"about":[{"href":"https:\/\/www.philippecharles.fr\/index.php\/wp-json\/wp\/v2\/types\/page"}],"author":[{"embeddable":true,"href":"https:\/\/www.philippecharles.fr\/index.php\/wp-json\/wp\/v2\/users\/1"}],"replies":[{"embeddable":true,"href":"https:\/\/www.philippecharles.fr\/index.php\/wp-json\/wp\/v2\/comments?post=1336"}],"version-history":[{"count":0,"href":"https:\/\/www.philippecharles.fr\/index.php\/wp-json\/wp\/v2\/pages\/1336\/revisions"}],"wp:attachment":[{"href":"https:\/\/www.philippecharles.fr\/index.php\/wp-json\/wp\/v2\/media?parent=1336"}],"curies":[{"name":"wp","href":"https:\/\/api.w.org\/{rel}","templated":true}]}}