{"id":1328,"date":"2019-03-28T11:40:51","date_gmt":"2019-03-28T10:40:51","guid":{"rendered":"https:\/\/www.philippecharles.fr\/?page_id=1328"},"modified":"2019-03-28T11:57:48","modified_gmt":"2019-03-28T10:57:48","slug":"le-reve-de-martin-martins-dream","status":"publish","type":"page","link":"https:\/\/www.philippecharles.fr\/index.php\/le-reve-de-martin-martins-dream\/","title":{"rendered":"Le r\u00eave de Martin \/ Martin\u2019s dream"},"content":{"rendered":"\n<p style=\"font-size:14px\"><em>Vid\u00e9o-installation (X2) \/ Dv pal \/ 5\u201931\u2019\u2019_1999, son \/ sound: Mathieu Martin<\/em><br><br>Ou les digressions oniriques d\u2019un poulet n\u00e9vrotique. <br>Au niveau de la forme, il s\u2019agit d\u2019une double projection contigu\u00eb. Chaque film est la vision diff\u00e9rente d\u2019une m\u00eame sc\u00e8ne. Ce travail a \u00e9t\u00e9 coproduit par Triangle France, Marseille. Existe \u00e9galement au format monobande.<\/p>\n\n\n\n<p style=\"font-size:12px\" class=\"has-text-color has-vivid-cyan-blue-color\"><a href=\"https:\/\/www.philippecharles.fr\/media\/videos_1\/lrdm_H264.mov\">Voir la vid\u00e9o<\/a><\/p>\n\n\n\n<figure class=\"wp-block-image\"><img loading=\"lazy\" decoding=\"async\" width=\"684\" height=\"274\" src=\"https:\/\/www.philippecharles.fr\/wp-content\/uploads\/2019\/03\/ldrm_2.jpg\" alt=\"\" class=\"wp-image-1329\"\/><\/figure>\n\n\n\n<p style=\"font-size:14px\">Or the dreamlike digressions of a neurotic chicken.<br>This is a double channel video projection. Each screen shows the same scene from a different point of view. This piece was produced during an artist\u2019s residency, with Triangle France, Marseilles. It also exists in a single channel format.<br>   (translation: Lindsay Onions)<\/p>\n","protected":false},"excerpt":{"rendered":"<p>Vid\u00e9o-installation (X2) \/ Dv pal \/ 5\u201931\u2019\u2019_1999, son \/ sound: Mathieu Martin Ou les digressions oniriques d\u2019un poulet n\u00e9vrotique. Au niveau de la forme, il s\u2019agit d\u2019une double projection contigu\u00eb. Chaque film est la vision diff\u00e9rente d\u2019une m\u00eame sc\u00e8ne. Ce travail a \u00e9t\u00e9 coproduit par Triangle France, Marseille. Existe \u00e9galement au format monobande. Voir la &hellip; <\/p>\n<p class=\"link-more\"><a href=\"https:\/\/www.philippecharles.fr\/index.php\/le-reve-de-martin-martins-dream\/\" class=\"more-link\">Continuer la lecture<span class=\"screen-reader-text\"> de &laquo;&nbsp;Le r\u00eave de Martin \/ Martin\u2019s dream&nbsp;&raquo;<\/span><\/a><\/p>\n","protected":false},"author":1,"featured_media":0,"parent":0,"menu_order":0,"comment_status":"closed","ping_status":"closed","template":"","meta":{"footnotes":""},"_links":{"self":[{"href":"https:\/\/www.philippecharles.fr\/index.php\/wp-json\/wp\/v2\/pages\/1328"}],"collection":[{"href":"https:\/\/www.philippecharles.fr\/index.php\/wp-json\/wp\/v2\/pages"}],"about":[{"href":"https:\/\/www.philippecharles.fr\/index.php\/wp-json\/wp\/v2\/types\/page"}],"author":[{"embeddable":true,"href":"https:\/\/www.philippecharles.fr\/index.php\/wp-json\/wp\/v2\/users\/1"}],"replies":[{"embeddable":true,"href":"https:\/\/www.philippecharles.fr\/index.php\/wp-json\/wp\/v2\/comments?post=1328"}],"version-history":[{"count":0,"href":"https:\/\/www.philippecharles.fr\/index.php\/wp-json\/wp\/v2\/pages\/1328\/revisions"}],"wp:attachment":[{"href":"https:\/\/www.philippecharles.fr\/index.php\/wp-json\/wp\/v2\/media?parent=1328"}],"curies":[{"name":"wp","href":"https:\/\/api.w.org\/{rel}","templated":true}]}}