{"id":1296,"date":"2019-03-28T11:02:42","date_gmt":"2019-03-28T10:02:42","guid":{"rendered":"https:\/\/www.philippecharles.fr\/?page_id=1296"},"modified":"2019-03-28T11:24:44","modified_gmt":"2019-03-28T10:24:44","slug":"installations-bipolaires","status":"publish","type":"page","link":"https:\/\/www.philippecharles.fr\/index.php\/installations-bipolaires\/","title":{"rendered":"installations bipolaires \/ bi-polar installations"},"content":{"rendered":"\n<p style=\"font-size:14px\">(1996-1997)<br>Des dispositifs minimaux sont install\u00e9s dans des environnements au sein desquels ils vont entretenir une relation bipolaire, sur le principe du on\/off, avec un ph\u00e9nom\u00e8ne al\u00e9atoire (la pluie ou la mouche). L\u2019installation est d\u00e9di\u00e9e \u00e0 l\u2019accueil de ce ph\u00e9nom\u00e8ne de nature chaotique qui a pour effet d\u2019activer ou de d\u00e9sactiver le dispositif mis en place, \u00e0 l\u2019instant T sans phase interm\u00e9diaire. L\u2019activation se produit \u00e0 travers un effet de bascule par lequel l\u2019installation change d\u2019\u00e9tat. Elle appara\u00eet ainsi comme une matrice, caract\u00e9ris\u00e9e autant par sa disponibilit\u00e9 que par sa capacit\u00e9 \u00e0 composer avec le ph\u00e9nom\u00e8ne en son sein. Tant par les mat\u00e9riaux employ\u00e9s que par les ph\u00e9nom\u00e8nes sollicit\u00e9s, l\u2019installation devient le lieu symbolique d\u2019une bascule entre l\u2019\u00e9tat de vie et l\u2019\u00e9tat de mort ainsi que de son renversement.<\/p>\n\n\n\n<figure class=\"wp-block-image\"><img loading=\"lazy\" decoding=\"async\" width=\"355\" height=\"350\" src=\"https:\/\/www.philippecharles.fr\/wp-content\/uploads\/2019\/03\/sol2.jpg\" alt=\"\" class=\"wp-image-1303\" srcset=\"https:\/\/www.philippecharles.fr\/wp-content\/uploads\/2019\/03\/sol2.jpg 355w, https:\/\/www.philippecharles.fr\/wp-content\/uploads\/2019\/03\/sol2-100x100.jpg 100w\" sizes=\"(max-width: 355px) 100vw, 355px\" \/><\/figure>\n\n\n\n<p style=\"font-size:14px\">(1996-1997)<br>Minimal installations are placed in environments where they maintain a bipolar relationship, using an on\/off principal, with a random phenomenon (the rain or the fly\/ rain or flies). The installation is dedicated to this chaotic natural phenomenon which activates or de-activates the installation set-up, at the T moment without an intermediary stage. Activation creates an overbalancing effect which causes the installation to change state. It appears as a mould, characterised as much by its availability as by its capacity to create using the phenomenon within it. Through the materials and phenomenon used, the installation becomes the symbolic setting of a teetering between the state of life and that of death as well as reversal.<br> (translation: Lindsay Onions)<\/p>\n\n\n\n<figure class=\"wp-block-image\"><img loading=\"lazy\" decoding=\"async\" width=\"355\" height=\"353\" src=\"https:\/\/www.philippecharles.fr\/wp-content\/uploads\/2019\/03\/sol1.jpg\" alt=\"\" class=\"wp-image-1302\" srcset=\"https:\/\/www.philippecharles.fr\/wp-content\/uploads\/2019\/03\/sol1.jpg 355w, https:\/\/www.philippecharles.fr\/wp-content\/uploads\/2019\/03\/sol1-100x100.jpg 100w\" sizes=\"(max-width: 355px) 100vw, 355px\" \/><\/figure>\n","protected":false},"excerpt":{"rendered":"<p>(1996-1997)Des dispositifs minimaux sont install\u00e9s dans des environnements au sein desquels ils vont entretenir une relation bipolaire, sur le principe du on\/off, avec un ph\u00e9nom\u00e8ne al\u00e9atoire (la pluie ou la mouche). L\u2019installation est d\u00e9di\u00e9e \u00e0 l\u2019accueil de ce ph\u00e9nom\u00e8ne de nature chaotique qui a pour effet d\u2019activer ou de d\u00e9sactiver le dispositif mis en place, &hellip; <\/p>\n<p class=\"link-more\"><a href=\"https:\/\/www.philippecharles.fr\/index.php\/installations-bipolaires\/\" class=\"more-link\">Continuer la lecture<span class=\"screen-reader-text\"> de &laquo;&nbsp;installations bipolaires \/ bi-polar installations&nbsp;&raquo;<\/span><\/a><\/p>\n","protected":false},"author":1,"featured_media":0,"parent":0,"menu_order":0,"comment_status":"closed","ping_status":"closed","template":"","meta":{"footnotes":""},"_links":{"self":[{"href":"https:\/\/www.philippecharles.fr\/index.php\/wp-json\/wp\/v2\/pages\/1296"}],"collection":[{"href":"https:\/\/www.philippecharles.fr\/index.php\/wp-json\/wp\/v2\/pages"}],"about":[{"href":"https:\/\/www.philippecharles.fr\/index.php\/wp-json\/wp\/v2\/types\/page"}],"author":[{"embeddable":true,"href":"https:\/\/www.philippecharles.fr\/index.php\/wp-json\/wp\/v2\/users\/1"}],"replies":[{"embeddable":true,"href":"https:\/\/www.philippecharles.fr\/index.php\/wp-json\/wp\/v2\/comments?post=1296"}],"version-history":[{"count":0,"href":"https:\/\/www.philippecharles.fr\/index.php\/wp-json\/wp\/v2\/pages\/1296\/revisions"}],"wp:attachment":[{"href":"https:\/\/www.philippecharles.fr\/index.php\/wp-json\/wp\/v2\/media?parent=1296"}],"curies":[{"name":"wp","href":"https:\/\/api.w.org\/{rel}","templated":true}]}}