{"id":129,"date":"2018-06-18T13:52:07","date_gmt":"2018-06-18T11:52:07","guid":{"rendered":"https:\/\/www.philippecharles.fr\/SWITCH\/?page_id=129"},"modified":"2021-05-16T10:40:31","modified_gmt":"2021-05-16T08:40:31","slug":"demarche-artistique-globale","status":"publish","type":"page","link":"https:\/\/www.philippecharles.fr\/index.php\/demarche-artistique-globale\/","title":{"rendered":"d\u00e9marche artistique"},"content":{"rendered":"\n<p style=\"font-size:14px\">La d\u00e9marche de Philippe Charles trouve sa source dans un cheminement personnel qui l\u2019am\u00e8ne dans un premier temps \u00e0 traiter des dichotomies fondamentales de l\u2019existence tels que l\u2019\u00e9tat de vie ou de mort, d\u00e9clin ou renouvellement, assimilation ou r\u00e9sistance\u2026 Apr\u00e8s quelques ann\u00e9es de peinture et de sculpture, Philippe Charles d\u00e9veloppe un travail artistique tourn\u00e9 vers l\u2019installation au sein duquel le m\u00e9dium vid\u00e9o s\u2019affirmera comme central. Progressivement l\u2019installation devient un travail de mise en sc\u00e8ne de prises de vue, op\u00e9rant progressivement une disparition de l\u2019objet sculpt\u00e9 ou peint, pour ne laisser place qu\u2019\u00e0 l\u2019essentiel : une qu\u00eate aig\u00fce de sens d\u2019un artiste dans et face au monde. Cette mise en question de l\u2019objet ainsi que sa disparition sont prolong\u00e9es par un questionnement direct de l\u2019humain \u2013 en tant qu\u2019il appartient au monde, y contribue, dans un environnement parfois hostile, avec des limites qui lui sont impos\u00e9es et dont le sens nous \u00e9chappe. Proposant ses mises en sc\u00e8ne comme des espaces \u00ab \u00e9nigmatiques \u00bb tissant de multiples associations, la premi\u00e8re approche des \u0153uvres de Philippe Charles peut d\u00e9concerter. Apr\u00e8s cette premi\u00e8re approche, parfois inqui\u00e8te, nous percevons sa qu\u00eate : se transformer pour poursuivre un chemin d\u2019\u00eatre en perp\u00e9tuel ajustement, \u00e9chapper \u00e0 la scl\u00e9rose, favoriser la rencontre, la r\u00e9g\u00e9n\u00e9ration. Tels sont les questionnements auxquels nous sommes confront\u00e9s au contact des \u0153uvres de Philippe Charles. Une d\u00e9marche artistique puissante, humaine, spirituelle qui se pr\u00e9occupe peu de l\u2019art en soi mais vit l\u2019acte artistique comme moyen de recherche de et sur soi ainsi qu\u2019une proposition d\u2019un juste positionnement au monde. Cette qu\u00eate l\u2019am\u00e8ne \u00e0 s\u2019int\u00e9resser aux cultures chamaniques, dont ses derni\u00e8res \u0153uvres sont empruntes. L\u2019objet ressurgit, en tant que m\u00e9diation, \u00e0 percevoir non seulement \u00e0 travers son aspect esth\u00e9tique mais avant tout \u00e0 travers un usage que chacun est invit\u00e9 \u00e0 exp\u00e9rimenter. Philippe Charles nous convie ainsi \u00e0 une \u00e9coute aigu\u00eb de sensations infimes, expression de notre int\u00e9riorit\u00e9, de notre relation au lieu et \u00e0 ce qui l\u2019habite. Ses \u0153uvres proposent de s\u2019accorder une parenth\u00e8se, de se d\u00e9tacher de l\u2019agitation du quotidien, des multitudes de pens\u00e9es qui nous envahissent sans cesse, pour s\u2019ouvrir \u00e0 l\u2019instant. Dans les \u0153uvres r\u00e9centes de Philippe Charles, le site (film\u00e9 ou lieu d\u2019implantation) occupe une place d\u00e9terminante, paysage \u00e0 contempler, ainsi que lieu ressource o\u00f9 notre conscience est invit\u00e9e \u00e0 faire un voyage.<\/p>\n","protected":false},"excerpt":{"rendered":"<p>La d\u00e9marche de Philippe Charles trouve sa source dans un cheminement personnel qui l\u2019am\u00e8ne dans un premier temps \u00e0 traiter des dichotomies fondamentales de l\u2019existence tels que l\u2019\u00e9tat de vie ou de mort, d\u00e9clin ou renouvellement, assimilation ou r\u00e9sistance\u2026 Apr\u00e8s quelques ann\u00e9es de peinture et de sculpture, Philippe Charles d\u00e9veloppe un travail artistique tourn\u00e9 vers &hellip; <\/p>\n<p class=\"link-more\"><a href=\"https:\/\/www.philippecharles.fr\/index.php\/demarche-artistique-globale\/\" class=\"more-link\">Continuer la lecture<span class=\"screen-reader-text\"> de &laquo;&nbsp;d\u00e9marche artistique&nbsp;&raquo;<\/span><\/a><\/p>\n","protected":false},"author":1,"featured_media":0,"parent":0,"menu_order":0,"comment_status":"closed","ping_status":"closed","template":"","meta":{"footnotes":""},"_links":{"self":[{"href":"https:\/\/www.philippecharles.fr\/index.php\/wp-json\/wp\/v2\/pages\/129"}],"collection":[{"href":"https:\/\/www.philippecharles.fr\/index.php\/wp-json\/wp\/v2\/pages"}],"about":[{"href":"https:\/\/www.philippecharles.fr\/index.php\/wp-json\/wp\/v2\/types\/page"}],"author":[{"embeddable":true,"href":"https:\/\/www.philippecharles.fr\/index.php\/wp-json\/wp\/v2\/users\/1"}],"replies":[{"embeddable":true,"href":"https:\/\/www.philippecharles.fr\/index.php\/wp-json\/wp\/v2\/comments?post=129"}],"version-history":[{"count":1,"href":"https:\/\/www.philippecharles.fr\/index.php\/wp-json\/wp\/v2\/pages\/129\/revisions"}],"predecessor-version":[{"id":1472,"href":"https:\/\/www.philippecharles.fr\/index.php\/wp-json\/wp\/v2\/pages\/129\/revisions\/1472"}],"wp:attachment":[{"href":"https:\/\/www.philippecharles.fr\/index.php\/wp-json\/wp\/v2\/media?parent=129"}],"curies":[{"name":"wp","href":"https:\/\/api.w.org\/{rel}","templated":true}]}}