{"id":1288,"date":"2019-03-28T10:53:03","date_gmt":"2019-03-28T09:53:03","guid":{"rendered":"https:\/\/www.philippecharles.fr\/?page_id=1288"},"modified":"2019-03-28T11:25:50","modified_gmt":"2019-03-28T10:25:50","slug":"la-piece-bleue","status":"publish","type":"page","link":"https:\/\/www.philippecharles.fr\/index.php\/la-piece-bleue\/","title":{"rendered":"la pi\u00e8ce bleue \/ the blue room"},"content":{"rendered":"\n<p style=\"font-size:14px\"><em>Installation (une pi\u00e8ce bleue vide, une mouche \/ empty blue room, a fly) _ 1998<\/em><\/p>\n\n\n\n<p>Cette installation fonctionne sur le principe  d\u2019alternance de deux \u00e9tats non d\u00e9termin\u00e9s quant \u00e0 leur commencement,  leur fin et leur dur\u00e9e. <br>         Une pi\u00e8ce de dimension r\u00e9duite, totalement vide, est inond\u00e9e une  lumi\u00e8re bleu \u00e9tale : un \u00e9tat au repos sans aucune tension. Une mouche  est quelque part dans la pi\u00e8ce bleue, pos\u00e9e sur l\u2019une des parois. Rien  ne perturbe le silence et le champ chromatique de la pi\u00e8ce.<br>       Un autre \u00e9tat o\u00f9 l\u2019installation bascule dans un univers perturb\u00e9.  La mouche quitte le mur et accapare l\u2019espace vide par son vol et le  bruit de son vol.<\/p>\n\n\n\n<figure class=\"wp-block-image\"><img loading=\"lazy\" decoding=\"async\" width=\"355\" height=\"297\" src=\"https:\/\/www.philippecharles.fr\/wp-content\/uploads\/2019\/03\/piecebleue.jpg\" alt=\"\" class=\"wp-image-1310\"\/><\/figure>\n\n\n\n<p>The installation of the blue room is based on  the principle of alteration between states that are undefined in terms  of their beginning, end and duration.<br>A room with small-scale dimensions and completely empty, is  bathed in blue light. On the one hand, a state at rest, without tension.  A fly is somewhere on one of the walls. Nothing disturbs the silence  and the chromatic field of the room.<br>On the other hand, another state in which the installation goes over into a disturbed universe.<br>The fly leaves the wall and takes possesion of the empty space with its flight and the sound of it.<br>     (translation: Nathalie Colas)<\/p>\n","protected":false},"excerpt":{"rendered":"<p>Installation (une pi\u00e8ce bleue vide, une mouche \/ empty blue room, a fly) _ 1998 Cette installation fonctionne sur le principe d\u2019alternance de deux \u00e9tats non d\u00e9termin\u00e9s quant \u00e0 leur commencement, leur fin et leur dur\u00e9e. Une pi\u00e8ce de dimension r\u00e9duite, totalement vide, est inond\u00e9e une lumi\u00e8re bleu \u00e9tale : un \u00e9tat au repos sans &hellip; <\/p>\n<p class=\"link-more\"><a href=\"https:\/\/www.philippecharles.fr\/index.php\/la-piece-bleue\/\" class=\"more-link\">Continuer la lecture<span class=\"screen-reader-text\"> de &laquo;&nbsp;la pi\u00e8ce bleue \/ the blue room&nbsp;&raquo;<\/span><\/a><\/p>\n","protected":false},"author":1,"featured_media":0,"parent":0,"menu_order":0,"comment_status":"closed","ping_status":"closed","template":"","meta":{"footnotes":""},"_links":{"self":[{"href":"https:\/\/www.philippecharles.fr\/index.php\/wp-json\/wp\/v2\/pages\/1288"}],"collection":[{"href":"https:\/\/www.philippecharles.fr\/index.php\/wp-json\/wp\/v2\/pages"}],"about":[{"href":"https:\/\/www.philippecharles.fr\/index.php\/wp-json\/wp\/v2\/types\/page"}],"author":[{"embeddable":true,"href":"https:\/\/www.philippecharles.fr\/index.php\/wp-json\/wp\/v2\/users\/1"}],"replies":[{"embeddable":true,"href":"https:\/\/www.philippecharles.fr\/index.php\/wp-json\/wp\/v2\/comments?post=1288"}],"version-history":[{"count":0,"href":"https:\/\/www.philippecharles.fr\/index.php\/wp-json\/wp\/v2\/pages\/1288\/revisions"}],"wp:attachment":[{"href":"https:\/\/www.philippecharles.fr\/index.php\/wp-json\/wp\/v2\/media?parent=1288"}],"curies":[{"name":"wp","href":"https:\/\/api.w.org\/{rel}","templated":true}]}}