{"id":1286,"date":"2019-03-28T10:52:33","date_gmt":"2019-03-28T09:52:33","guid":{"rendered":"https:\/\/www.philippecharles.fr\/?page_id=1286"},"modified":"2019-03-28T11:22:28","modified_gmt":"2019-03-28T10:22:28","slug":"les-machines-a-eau","status":"publish","type":"page","link":"https:\/\/www.philippecharles.fr\/index.php\/les-machines-a-eau\/","title":{"rendered":"les machines \u00e0 eau \/  water machines"},"content":{"rendered":"\n<p style=\"font-size:14px\"><em>Installation (citerne, tuyauterie \/ tank, piping) _ 1996 \/ 1997<\/em><\/p>\n\n\n\n<p style=\"font-size:14px\">Une citerne capte l\u2019eau de pluie et la \ndistille sous forme de l\u00e2ch\u00e9s d\u2019eau \u00e0 intervalles r\u00e9guliers. le d\u00e9bit de\n la machine et le volume de la citerne sont r\u00e9gl\u00e9s par rapport \u00e0 une \nactivit\u00e9 pluvieuse \u201cnormale\u201d sur l\u2019ensemble de l\u2019ann\u00e9e. Donc, en moyenne\n la citerne n\u2019est jamais vide.<br>\n        N\u00e9anmoins, par temps trop sec, l\u2019eau se tarit et l\u2019\u00e9coulement s\u2019interrompt.<br>\n        Les param\u00e8tres d\u2019identification du sens de l\u2019installation s\u2019estompent <br>\n        progressivement :<br>\n      \u2022 le mouvement de l\u2019eau qui tombe ainsi que l\u2019impact n\u2019existent plus,<br>\n      \u2022 sur le sol, les traces d\u2019eau s\u2019\u00e9vaporent.<br>\n        Ainsi le sens de l\u2019installation se dilue dans son environnement.<br>\n      Lorsque l\u2019eau revient, l\u2019installation reprend sa tension premi\u00e8re en \u00e9grenant imperturbablement ses l\u00e2ch\u00e9s d\u2019eau.<\/p>\n\n\n\n<ul class=\"wp-block-gallery columns-2 is-cropped wp-block-gallery-1 is-layout-flex wp-block-gallery-is-layout-flex\"><li class=\"blocks-gallery-item\"><figure><img loading=\"lazy\" decoding=\"async\" width=\"355\" height=\"353\" src=\"https:\/\/www.philippecharles.fr\/wp-content\/uploads\/2019\/03\/sol1.jpg\" alt=\"\" data-id=\"1302\" data-link=\"https:\/\/www.philippecharles.fr\/sol1\/\" class=\"wp-image-1302\" srcset=\"https:\/\/www.philippecharles.fr\/wp-content\/uploads\/2019\/03\/sol1.jpg 355w, https:\/\/www.philippecharles.fr\/wp-content\/uploads\/2019\/03\/sol1-100x100.jpg 100w\" sizes=\"(max-width: 355px) 100vw, 355px\" \/><\/figure><\/li><li class=\"blocks-gallery-item\"><figure><img loading=\"lazy\" decoding=\"async\" width=\"355\" height=\"350\" src=\"https:\/\/www.philippecharles.fr\/wp-content\/uploads\/2019\/03\/sol2.jpg\" alt=\"\" data-id=\"1303\" data-link=\"https:\/\/www.philippecharles.fr\/sol2\/\" class=\"wp-image-1303\" srcset=\"https:\/\/www.philippecharles.fr\/wp-content\/uploads\/2019\/03\/sol2.jpg 355w, https:\/\/www.philippecharles.fr\/wp-content\/uploads\/2019\/03\/sol2-100x100.jpg 100w\" sizes=\"(max-width: 355px) 100vw, 355px\" \/><\/figure><\/li><\/ul>\n\n\n\n<p style=\"font-size:14px\">A tank collects rainwater and distils it as \ndrops falling at regular intervals. The outflow of the machine and the \nvolume of the tank are adjusted on the basis of \u201cnormal\u201d annual \nrainfall. Thus, on average, the tank is never empty.<br>\n        Nevertheless, when the weather gets too dry, the water vanishes and the flow is stopped.<br>\n        The parameters giving access to the meaning of the installation gradually blur: <br>\n        _neither the movement nor the impact of the falling water exist any longer.<br>\n        _the water on the floor dries up.<br>\n        And so, the meaning of the installation vanishes from it\u2019s own environment.<br>\n        When the water reappears, the installation finds its original tension again, dripping its drops of water unperturbed.<br>\n    (translation: Lindsay onions)<\/p>\n","protected":false},"excerpt":{"rendered":"<p>Installation (citerne, tuyauterie \/ tank, piping) _ 1996 \/ 1997 Une citerne capte l\u2019eau de pluie et la distille sous forme de l\u00e2ch\u00e9s d\u2019eau \u00e0 intervalles r\u00e9guliers. le d\u00e9bit de la machine et le volume de la citerne sont r\u00e9gl\u00e9s par rapport \u00e0 une activit\u00e9 pluvieuse \u201cnormale\u201d sur l\u2019ensemble de l\u2019ann\u00e9e. Donc, en moyenne la &hellip; <\/p>\n<p class=\"link-more\"><a href=\"https:\/\/www.philippecharles.fr\/index.php\/les-machines-a-eau\/\" class=\"more-link\">Continuer la lecture<span class=\"screen-reader-text\"> de &laquo;&nbsp;les machines \u00e0 eau \/  water machines&nbsp;&raquo;<\/span><\/a><\/p>\n","protected":false},"author":1,"featured_media":0,"parent":0,"menu_order":0,"comment_status":"closed","ping_status":"closed","template":"","meta":{"footnotes":""},"_links":{"self":[{"href":"https:\/\/www.philippecharles.fr\/index.php\/wp-json\/wp\/v2\/pages\/1286"}],"collection":[{"href":"https:\/\/www.philippecharles.fr\/index.php\/wp-json\/wp\/v2\/pages"}],"about":[{"href":"https:\/\/www.philippecharles.fr\/index.php\/wp-json\/wp\/v2\/types\/page"}],"author":[{"embeddable":true,"href":"https:\/\/www.philippecharles.fr\/index.php\/wp-json\/wp\/v2\/users\/1"}],"replies":[{"embeddable":true,"href":"https:\/\/www.philippecharles.fr\/index.php\/wp-json\/wp\/v2\/comments?post=1286"}],"version-history":[{"count":0,"href":"https:\/\/www.philippecharles.fr\/index.php\/wp-json\/wp\/v2\/pages\/1286\/revisions"}],"wp:attachment":[{"href":"https:\/\/www.philippecharles.fr\/index.php\/wp-json\/wp\/v2\/media?parent=1286"}],"curies":[{"name":"wp","href":"https:\/\/api.w.org\/{rel}","templated":true}]}}