{"id":126,"date":"2018-06-18T13:48:15","date_gmt":"2018-06-18T11:48:15","guid":{"rendered":"https:\/\/www.philippecharles.fr\/SWITCH\/?page_id=126"},"modified":"2019-03-18T11:23:14","modified_gmt":"2019-03-18T10:23:14","slug":"cv-2","status":"publish","type":"page","link":"https:\/\/www.philippecharles.fr\/index.php\/cv-2\/","title":{"rendered":"cv"},"content":{"rendered":"\n<p style=\"font-size:14px\">2018<br>&#8211; \u00abLe bruit du regard\u00bb, Abbaye de Noirlac, Ath\u00e9nor, R\u00e9gion centre Val de Loire et Ryoanji<\/p>\n\n\n\n<p style=\"font-size:14px\">2017<br>&#8211; \u00abImmaintsoo\u00bb, forme op\u00e9ratique, production Ath\u00e9nor en co-\u00e9criture avec Jean- Christophe Feldhandler et Jean-Luc Raharimanana<\/p>\n\n\n\n<p style=\"font-size:14px\">2015<br>&#8211; Exposition Chapelle Saint Michel, Ath\u00e9nor les productions, Gu\u00e9rande<\/p>\n\n\n\n<p style=\"font-size:14px\">2014<br>&#8211; R\u00e9sidence Ath\u00e9nor Sc\u00e8ne Nomade, Parcs Naturels R\u00e9gionaux des Landes de Gascognes, Loire Anjou Touraine et Volcans d\u2019Auvergne.<\/p>\n\n\n\n<p style=\"font-size:14px\">2013<br>&#8211; R\u00e9sidence Ath\u00e9nor Sc\u00e8ne Nomade, Parcs Naturels R\u00e9gionaux de Bri\u00e8re, Brenne, Loire Anjou Touraine et Volcans d\u2019Auvergne.<br>&#8211; \u00abRegards num\u00e9riques sur le vivant\u00bb, Hotel des Arts de Toulon<br>&#8211; \u00abPr\u00e9lude\u00bb, galerie du petit Rama, ZINC arts et cultures num\u00e9riques, Friche de la Belle de Mai, Marseille<br>2012<br>&#8211; Centre d\u2019art contemporain B. Bojnev, Forcalquier, ZINC &amp; les F\u00e9es d\u2019hiver<\/p>\n\n\n\n<p style=\"font-size:14px\">2011<br>&#8211; Les Capucins, Embrun, ZINC arts et cultures num\u00e9riques &amp; les F\u00e9es d\u2019hiver &#8211; \u00abTon ciel mon humus\u00bb Galerie Duchamp, Yvetot<br>&#8211; \u00abCabinet de curiosit\u00e9s\u00bb Galerie Da End, Paris<\/p>\n\n\n\n<p style=\"font-size:14px\">&#8211; R\u00e9sidence Haut-Bas, F\u00e9es d\u2019hiver, Zinc, Cr\u00e9voux &amp; Marseille, avril \u00e0 octobre<br>&#8211; \u00abPortrait composite\u00bb, Lieu Unique, Nantes, (en collaboration avec le compositeur Jean- Christophe Feldhandler)<\/p>\n\n\n\n<p style=\"font-size:14px\">2010<br>&#8211; Festival les InstantsVid\u00e9o, Friche de la Belle de Mai, Marseille<br>&#8211; R\u00e9sidence Ath\u00e9nor Sc\u00e8ne Nomade, Nantes (en collaboration avec Jean-Christophe Feldhandler) 2009<br>&#8211; L\u2019objet photographique-exp\u00e9rience #1, Galerie du Buisson, Paris<br>&#8211; R\u00e9sidence Ath\u00e9nor Sc\u00e8ne Nomade, Nantes(en collaboration avec Jean-Christophe Feldhandler) 2008<br>&#8211; R\u00e9sidence Ath\u00e9nor Sc\u00e8ne Nomade, Nantes (en collaboration avec Jean-Christophe Feldhandler) &#8211; Galerie du Buisson, exposition personnelle \/ BASE, Paris<br>&#8211; Lothringer13, \u201cTulip\u00bb, exposition \u00abKONSTELLATIONEN\u00bb_commissariat Claire ANGELINI, M\u00fcnchen<br>&#8211; Australie, Mythe et R\u00e9alit\u00e9, Maison des Sciences de l\u2019Homme, R\u00e9seau Asie, Paris<\/p>\n\n\n\n<p style=\"font-size:14px\">2007<br>&#8211; Le Parvis, Substrat #1 (en collaboration avec Laetitia BOURGET), Ibos &#8211; Fest-hiver, LAC&amp;S \/ La vitrine, Limoges<\/p>\n\n\n\n<p style=\"font-size:14px\">2006<br>&#8211; Allocataire DRAC (Ile de France)_Aide \u00e0 l\u2019acquisition de mat\u00e9riel<br>&#8211; La Galerie \/ Paris<br>&#8211; \u201cMonsters\u201d, 24seven, exposition personnelle \/ Melbourne, Australie<\/p>\n\n\n\n<p style=\"font-size:14px\">2005<br>&#8211; MixM\u00e9dia_TRIP, installation \u201cTulip\u201d, 3015 &amp; Club\u2019sproject \/ Melbourne, Australie &#8211; One Another\u2019s Other World, Alliance fran\u00e7aise, Melbourne, Australie<br>&#8211; Corpus Degustat, Corpus 05, Zilveren Pauw \/ Bruges, Belgique<br>&#8211; \u201dTerrain Vague\u201d, Festival R\u00e9sonnance, Ath\u00e9nor \/ Saint Nazaire (en collaboration avec Jean- Christophe Feldhandler)<br>&#8211; \u201cTerrain Vague\u201d(performance), Ath\u00e9nor \/ Nantes_ 9 avril (en collaboration avec Jean-Christophe Feldhandler)<br>&#8211; \u201cl\u2019 Automate P1\u201d(pr\u00e9sentation), M.U \/ Maison des Sciences et de l\u2019Homme, Saint Denis<br>&#8211; Est-ce une bonne nouvelle, projection \/ EOF, Paris<br>&#8211; \u201dAUTOMATE P1\u201d (projection-pr\u00e9sentation), M.U \/ MGI, Paris<\/p>\n\n\n\n<p style=\"font-size:14px\">2004<br>&#8211; ENSBA, (projections), programmation Est-ce une bonne nouvelle, Paris<\/p>\n\n\n\n<p style=\"font-size:14px\">2003<br>&#8211; Est-ce une bonne nouvelle (projections) \/ ENSBA, Paris<br>&#8211; MACBA!03 (Festival Internacional Arte Contemporaneo) \/ Mus\u00e9e d\u2019Art Contemporain, Barcelone &#8211; Paris-Berlin #7 \/ Podewil, Berlin<br>&#8211; L\u2019exhibitionniste international (projections) \/ Barcelone, Berlin, Londres (Curzon) &#8211; Salon du livre et l\u2019art, est-ce une bonne nouvelle \/ Lieu Unique, Nantes<br>&#8211; Paris-Berlin (projections et installations) \/ cin\u00e9ma l\u2019Arlequin, galerie Immanence, Paris<br>&#8211; Jeune cr\u00e9ation (projections), est-ce une bonne nouvelle \/ Paris<\/p>\n\n\n\n<p>2002<br>&#8211; mixm\u00e9dia #2, 3015 \/ Paris<\/p>\n\n\n\n<p style=\"font-size:14px\">2001<br>&#8211; mixm\u00e9dia #1, 3015 \/ Paris<br>&#8211; Situation (projections) Immanence \/ Paris- Anti-Chambre, projections, Paris<\/p>\n\n\n\n<p style=\"font-size:14px\">2000<br>&#8211; Fictionary, 3015-Triangle \/ Paris<br>&#8211; Expoblick , Oblik \/ Clichy-la-Garenne<br>&#8211; Travers\u00e9e transversale (projections) \/ M\u00e9nagerie de Verre, Paris<\/p>\n\n\n\n<p style=\"font-size:14px\">1999<br>&#8211; Cr\u00e9ation de l\u2019association d\u2019Art Contemporain 3015, Paris (http:\/\/www.3015.fr) &#8211; \u00abBrightworld\u00bb, Triangle \/ galerie de la Friche de la Belle de Mai, Marseille<br>&#8211; Exposition au Mus\u00e9e d\u2019Art Contemporain de Santiago du Chili<br>&#8211; R\u00e9sidence Triangle France &#8211; Friche de la Belle de Mai &#8211; Marseille<br>&#8211; Les 14\u00e8mes Vid\u00e9oformes (festival d\u2019art vid\u00e9o et nouvelles technologies ) 1998 &#8211; Les onzi\u00e8me rencontres vid\u00e9o d\u2019H\u00e9rouville Saint-Clair<br>&#8211; Festival \u201cLes Instants Vid\u00e9o\u201d \/ Manosque.<\/p>\n","protected":false},"excerpt":{"rendered":"<p>2018&#8211; \u00abLe bruit du regard\u00bb, Abbaye de Noirlac, Ath\u00e9nor, R\u00e9gion centre Val de Loire et Ryoanji 2017&#8211; \u00abImmaintsoo\u00bb, forme op\u00e9ratique, production Ath\u00e9nor en co-\u00e9criture avec Jean- Christophe Feldhandler et Jean-Luc Raharimanana 2015&#8211; Exposition Chapelle Saint Michel, Ath\u00e9nor les productions, Gu\u00e9rande 2014&#8211; R\u00e9sidence Ath\u00e9nor Sc\u00e8ne Nomade, Parcs Naturels R\u00e9gionaux des Landes de Gascognes, Loire Anjou Touraine &hellip; <\/p>\n<p class=\"link-more\"><a href=\"https:\/\/www.philippecharles.fr\/index.php\/cv-2\/\" class=\"more-link\">Continuer la lecture<span class=\"screen-reader-text\"> de &laquo;&nbsp;cv&nbsp;&raquo;<\/span><\/a><\/p>\n","protected":false},"author":1,"featured_media":0,"parent":0,"menu_order":0,"comment_status":"closed","ping_status":"closed","template":"","meta":{"footnotes":""},"_links":{"self":[{"href":"https:\/\/www.philippecharles.fr\/index.php\/wp-json\/wp\/v2\/pages\/126"}],"collection":[{"href":"https:\/\/www.philippecharles.fr\/index.php\/wp-json\/wp\/v2\/pages"}],"about":[{"href":"https:\/\/www.philippecharles.fr\/index.php\/wp-json\/wp\/v2\/types\/page"}],"author":[{"embeddable":true,"href":"https:\/\/www.philippecharles.fr\/index.php\/wp-json\/wp\/v2\/users\/1"}],"replies":[{"embeddable":true,"href":"https:\/\/www.philippecharles.fr\/index.php\/wp-json\/wp\/v2\/comments?post=126"}],"version-history":[{"count":0,"href":"https:\/\/www.philippecharles.fr\/index.php\/wp-json\/wp\/v2\/pages\/126\/revisions"}],"wp:attachment":[{"href":"https:\/\/www.philippecharles.fr\/index.php\/wp-json\/wp\/v2\/media?parent=126"}],"curies":[{"name":"wp","href":"https:\/\/api.w.org\/{rel}","templated":true}]}}